{"id":2777,"date":"2025-12-17T10:16:51","date_gmt":"2025-12-17T10:16:51","guid":{"rendered":"https:\/\/www.starsfellows.africa\/?page_id=2777"},"modified":"2025-12-20T07:29:50","modified_gmt":"2025-12-20T07:29:50","slug":"applymba","status":"publish","type":"page","link":"https:\/\/www.starsfellows.africa\/pt\/applymba\/","title":{"rendered":"African STARS MBA Fellowship Applications are Now Closed!"},"content":{"rendered":"<div data-elementor-type=\"wp-page\" data-elementor-id=\"2777\" class=\"elementor elementor-2777\" data-elementor-post-type=\"page\">\n\t\t\t\t<div class=\"elementor-element elementor-element-8f6795d e-flex e-con-boxed e-con e-parent\" data-id=\"8f6795d\" data-element_type=\"container\" data-e-type=\"container\" data-settings=\"{&quot;jet_parallax_layout_list&quot;:[]}\">\n\t\t\t\t\t<div class=\"e-con-inner\">\n\t\t\t\t<div class=\"elementor-element elementor-element-3bec744 elementor-widget elementor-widget-text-editor\" data-id=\"3bec744\" data-element_type=\"widget\" data-e-type=\"widget\" data-widget_type=\"text-editor.default\">\n\t\t\t\t<div class=\"elementor-widget-container\">\n\t\t\t\t\t\t\t\t\t<h3><strong><br><img fetchpriority=\"high\" decoding=\"async\" class=\"alignnone wp-image-2773 size-full\" src=\"https:\/\/www.starsfellows.africa\/wp-content\/uploads\/2025\/12\/MSC.png\" alt=\"\" width=\"1920\" height=\"1080\" srcset=\"https:\/\/www.starsfellows.africa\/wp-content\/uploads\/2025\/12\/MSC.png 1920w, https:\/\/www.starsfellows.africa\/wp-content\/uploads\/2025\/12\/MSC-300x169.png 300w, https:\/\/www.starsfellows.africa\/wp-content\/uploads\/2025\/12\/MSC-1024x576.png 1024w, https:\/\/www.starsfellows.africa\/wp-content\/uploads\/2025\/12\/MSC-768x432.png 768w, https:\/\/www.starsfellows.africa\/wp-content\/uploads\/2025\/12\/MSC-1536x864.png 1536w, https:\/\/www.starsfellows.africa\/wp-content\/uploads\/2025\/12\/MSC-18x10.png 18w, https:\/\/www.starsfellows.africa\/wp-content\/uploads\/2025\/12\/MSC-150x85.png 150w, https:\/\/www.starsfellows.africa\/wp-content\/uploads\/2025\/12\/MSC-600x338.png 600w\" sizes=\"(max-width: 1920px) 100vw, 1920px\" \/><br><\/strong><\/h3>\n<div class=\"elementor-element elementor-element-2432fdc elementor-widget elementor-widget-text-editor is-mac\" data-id=\"2432fdc\" data-element_type=\"widget\" data-widget_type=\"text-editor.default\">\n<div class=\"elementor-widget-container\">\n<p>O Mestrado em Administra\u00e7\u00e3o de Empresas (MBA) em Lideran\u00e7a em Cuidados de Sa\u00fade (MBA HCL) na Stellenbosch Business School. O projeto de MBA \u00e9 realizado em colabora\u00e7\u00e3o com o CERI e o IPD sobre lideran\u00e7a em sa\u00fade e inova\u00e7\u00e3o, que pode ajudar a promover empregos de alto n\u00edvel na \u00c1frica.<\/p>\n<\/div>\n<\/div>\n<div class=\"elementor-element elementor-element-38b2e8b elementor-widget elementor-widget-spacer is-mac\" data-id=\"38b2e8b\" data-element_type=\"widget\" data-widget_type=\"spacer.default\">\n<div class=\"elementor-widget-container\">\n<div class=\"elementor-spacer\">\n<div class=\"elementor-spacer-inner\">&nbsp;<\/div>\n<\/div>\n<\/div>\n<\/div>\n<div class=\"elementor-element elementor-element-48a49c0 elementor-widget__width-initial elementor-widget elementor-widget-text-editor is-mac\" data-id=\"48a49c0\" data-element_type=\"widget\" data-widget_type=\"text-editor.default\">\n<div class=\"elementor-widget-container\">\n<p>The MBA in Health Care Leadership (MBA HCL) at Stellenbosch Business School is a specialised programme designed to develop leadership and innovation in the health sector. Offered in collaboration with the Centre for Epidemic Response and Innovation (CERI) and the Institute for Pandemic and Disease (IPD) in partnership with the Mastercard Foundation, the African STARS MBA Fellowship aims to advance health care leadership and support high-level employment opportunities across the continent.<\/p>\n<p>This 24-month MBA programme is delivered through a partnership with Stellenbosch Business School, consistently ranked among the top three business schools in Africa. It blends foundational modules in business, finance, and management with a targeted Health Care Leadership (HCL) stream.<\/p>\n<p>The HCL stream is specifically designed for professionals working in both public and private health sectors. It equips them with the tools to navigate complex health systems, enhance clinical governance, and address unique health care challenges across Africa. Participants are empowered to lead transformative change and make a lasting impact within the health care industry.<\/p>\n<p>The MBA will entail course work, including functional areas of management, the policy landscape and health systems and the challenges of finance and funding in health care, taking cognizance of the limited-resource context in Africa and a research assignment.<\/p>\n<h4>Programme Structure<\/h4>\n<ul>\n<li><strong>Duration:<\/strong> 2 years (January 2026 \u2013 December 2027)<\/li>\n<li><strong>Delivery Method:<\/strong> Blended learning-online and on-campus in South Africa<\/li>\n<li><strong>Campus Blocks:<\/strong> Three in-person residencies (5\u201310 days each)<\/li>\n<li><strong>International Study Module:<\/strong> One elective block at an international partner institution<\/li>\n<\/ul>\n<h4>Curriculum Overview:<\/h4>\n<ul>\n<li><strong>Year 1:<\/strong> Core MBA modules including Accounting, Corporate Finance, Digital Enterprise Management, Strategic Management, Leadership Development, and Perspectives on African Frontiers<\/li>\n<li><strong>Year 2:<\/strong> Stream-specific modules:\n<ul>\n<li>Health Care Finance and Governance<\/li>\n<li>Health Care Systems and Policy<\/li>\n<li>Value-Based Health Care<\/li>\n<li>Two electives (recommended: Innovation in Health Care or Health Care Information Management)<\/li>\n<li>Research methodology and a supervised mini-thesis addressing a leadership challenge in health care<\/li>\n<\/ul>\n<\/li>\n<\/ul>\n<p>A total of 18 core modules, 2 electives, and a research project are completed over two years, leading to a capstone mini-thesis presentation to African STARS leadership.<\/p>\n<\/div>\n<\/div>\n<h4>Who Should Apply:<\/h4>\n<p><strong>Crit\u00e9rios de elegibilidade<\/strong><\/p>\n<ul>\n<li>Nascido em \u00c1frica e\/ou residente em \u00c1frica<\/li>\n<li>Must be below 35 years old<\/li>\n<li>Minimum of 3 years\u2019 full-time work experience (health sector)<\/li>\n<\/ul>\n<p><strong>Preferred qualifications:<\/strong> MBChB \/ MD, BSN (Bachelor of Science in Nursing), MMed (Master of Medicine) or equivalent, MPH (Master of Public Health), PhD (Medical field), CA (Chartered Accountant)<\/p>\n<p><strong>Preference will be given to applicants who are at least one of the following:<\/strong><\/p>\n<ul>\n<li>Clinician and general practitioner (e.g., MBChB, MD) who has managerial and leadership role<\/li>\n<li>Senior nurse in public or private hospitals who leads large teams and operate on senior level with high-impact responsibilities<\/li>\n<li>Team leader and \/ or manager of pharmaceutical, medical technology or laboratory sector<\/li>\n<li>Public or private-sector senior positions (such as Manager, Deputy Director-General, CEO or Superintendent) in health care industry<\/li>\n<li>Manager in health care delivery systems and institutions, in pharmaceutical or health technology businesses, and \/ or regulatory organisations (such as AMA, SAMA, HPCSA, or other African Union or national organisation<\/li>\n<\/ul>\n<h4>Fellowship Benefits &amp; Funding<\/h4>\n<p>The African STARS Fellowship covers the full cost of the MBA, including:<\/p>\n<ul>\n<li>Full tuition fees<\/li>\n<li>Application fees (for shortlisted candidates)<\/li>\n<li>Research-related support<\/li>\n<li>Access to mentorship and leadership development opportunities<\/li>\n<li>Propinas<\/li>\n<li>Alojamento<\/li>\n<li>Bolsa de subsist\u00eancia<\/li>\n<li>Despesas com viagens a\u00e9reas<\/li>\n<li>Seguro de sa\u00fade<\/li>\n<\/ul>\n<h4>Application Process<\/h4>\n<p><strong>Step 1<\/strong> <a href=\"https:\/\/docs.google.com\/forms\/d\/e\/1FAIpQLSfNV-yMp8DercdAyJ0nI2pu-HDCGeSlSflRnBiPA_4rT6uYYg\/viewform\" target=\"_blank\" rel=\"noopener\" data-wplink-edit=\"true\">Fellowship Application<\/a><br>Submit your application using the African STARS Fellowship form.<br>Prazo final: <strong>31 July 2025 (CLOSED APPLICATIONS)<\/strong><\/p>\n<p>Step 2 \u2013 <a href=\"https:\/\/www.stellenboschbusiness.ac.za\/programmes\/mba-health-care-leadership\" target=\"_blank\" rel=\"noopener\">MBA HCL Programme Application<\/a><br>Shortlisted candidates will be invited to apply to Stellenbosch Business School. <br>Prazo final: <strong>31 October 2025&nbsp;<\/strong><strong>(CLOSED APPLICATIONS)<\/strong><br>Application fee is waived for fellowship beneficiaries; independent applicants must pay their own.<\/p>\n<h4>Contact &amp; Further Information<\/h4>\n<p><strong>Please consult the FAQs, should your question not be addressed you can contact:<\/strong><\/p>\n<p><strong>Fellowship Queries<\/strong><br>Maambele Khosa<br><a href=\"mailto:starsfellows@sun.ac.za\" target=\"_blank\" rel=\"noopener\">starsfellows@sun.ac.za<\/a><\/p>\n<p><strong>Programme Enquiries<\/strong><br>Stellenbosch Business School<br>+27 (0)21 918 4243 | <a href=\"mailto:mba@stellenboschbusiness.ac.za\" target=\"_blank\" rel=\"noopener\">mba@stellenboschbusiness.ac.za<\/a><br><a href=\"https:\/\/www.stellenboschbusiness.ac.za\" target=\"_blank\" rel=\"noopener\">www.stellenboschbusiness.ac.za<\/a><\/p>\t\t\t\t\t\t\t\t<\/div>\n\t\t\t\t<\/div>\n\t\t\t\t\t<\/div>\n\t\t\t\t<\/div>\n\t\t\t\t<\/div>","protected":false},"excerpt":{"rendered":"<p>The Master of Business Administration (MBA) in Health Care Leadership (MBA HCL) at the University of Stellenbosch Business School. The MBA project is done in collaboration with CERI and IPD on health care leadership and innovation that can help to advance high-level employment in Africa. &nbsp; The MBA in Health Care Leadership (MBA HCL) at [&hellip;]<\/p>\n","protected":false},"author":2,"featured_media":0,"parent":0,"menu_order":0,"comment_status":"closed","ping_status":"closed","template":"","meta":{"cybocfi_hide_featured_image":"","footnotes":""},"class_list":["post-2777","page","type-page","status-publish","hentry"],"_links":{"self":[{"href":"https:\/\/www.starsfellows.africa\/pt\/wp-json\/wp\/v2\/pages\/2777","targetHints":{"allow":["GET"]}}],"collection":[{"href":"https:\/\/www.starsfellows.africa\/pt\/wp-json\/wp\/v2\/pages"}],"about":[{"href":"https:\/\/www.starsfellows.africa\/pt\/wp-json\/wp\/v2\/types\/page"}],"author":[{"embeddable":true,"href":"https:\/\/www.starsfellows.africa\/pt\/wp-json\/wp\/v2\/users\/2"}],"replies":[{"embeddable":true,"href":"https:\/\/www.starsfellows.africa\/pt\/wp-json\/wp\/v2\/comments?post=2777"}],"version-history":[{"count":9,"href":"https:\/\/www.starsfellows.africa\/pt\/wp-json\/wp\/v2\/pages\/2777\/revisions"}],"predecessor-version":[{"id":2809,"href":"https:\/\/www.starsfellows.africa\/pt\/wp-json\/wp\/v2\/pages\/2777\/revisions\/2809"}],"wp:attachment":[{"href":"https:\/\/www.starsfellows.africa\/pt\/wp-json\/wp\/v2\/media?parent=2777"}],"curies":[{"name":"wp","href":"https:\/\/api.w.org\/{rel}","templated":true}]}}