{"id":1267,"date":"2025-02-27T11:12:42","date_gmt":"2025-02-27T11:12:42","guid":{"rendered":"https:\/\/www.starsfellows.africa\/?page_id=1267"},"modified":"2025-12-19T08:28:44","modified_gmt":"2025-12-19T08:28:44","slug":"faqs_programe","status":"publish","type":"page","link":"https:\/\/www.starsfellows.africa\/pt\/faqs_programe\/","title":{"rendered":"Perguntas Frequentes (FAQs) \u2013 Programa de Bolsas African STARS"},"content":{"rendered":"<div data-elementor-type=\"wp-page\" data-elementor-id=\"1267\" class=\"elementor elementor-1267\" data-elementor-post-type=\"page\">\n\t\t\t\t<div class=\"elementor-element elementor-element-9335b9c e-flex e-con-boxed e-con e-parent\" data-id=\"9335b9c\" data-element_type=\"container\" data-e-type=\"container\" data-settings=\"{&quot;jet_parallax_layout_list&quot;:[]}\">\n\t\t\t\t\t<div class=\"e-con-inner\">\n\t\t\t\t<div class=\"elementor-element elementor-element-cfbc93f elementor-widget elementor-widget-text-editor\" data-id=\"cfbc93f\" data-element_type=\"widget\" data-e-type=\"widget\" data-widget_type=\"text-editor.default\">\n\t\t\t\t<div class=\"elementor-widget-container\">\n\t\t\t\t\t\t\t\t\t<p style=\"font-weight: bold; border-bottom: 2px solid #000000; padding-bottom: 5px; font-size: 16px;\">1. INFORMA\u00c7\u00d5ES GERAIS<\/p><p style=\"font-weight: bold; margin-top: 15px;\">P: O que \u00e9 o Programa de Bolsas African STARS?<\/p><p>R: O Programa de Bolsas African STARS \u00e9 uma iniciativa de treinamento liderada pelo Centre for Epidemic Response and Innovation (CERI) da Universidade de Stellenbosch e pelo Institut Pasteur de Dakar (IPD). O objetivo \u00e9 desenvolver a expertise africana em gen\u00f4mica, diagn\u00f3stico e design de vacinas, al\u00e9m de ampliar as oportunidades de emprego para jovens cientistas na \u00c1frica.<\/p><p style=\"font-weight: bold; margin-top: 15px;\">P: Quem pode se candidatar \u00e0 bolsa?<\/p><p>R: Os candidatos devem ser cidad\u00e3os africanos e\/ou residentes na \u00c1frica, ter at\u00e9 35 anos no in\u00edcio da bolsa e possuir forma\u00e7\u00e3o em gen\u00f4mica, diagn\u00f3stico, design de vacinas, economia ou biotecnologia. Devem ter pelo menos um diploma de gradua\u00e7\u00e3o, mas um Mestrado (MSc) ou Doutorado (PhD) pode ser uma vantagem.<\/p><p style=\"font-weight: bold; margin-top: 15px;\">Q: How many fellows will be selected for the first cohort starting in 2026?<\/p><p>A: African STARS Fellowship Programme will include <strong>40 bolsistas:<\/strong> 20 na <strong>Bolsas no Programa de Treinamento Avan\u00e7ado e Translacional (ATT)<\/strong> e 20 na <strong>Bolsas no Programa para Jovens Profissionais (YPP)<\/strong>.<\/p><p style=\"font-weight: bold; margin-top: 15px;\">P: Quem est\u00e1 financiando o treinamento?<\/p><p>R: As bolsas para este treinamento s\u00e3o apoiadas pela Mastercard Foundation.<\/p><p style=\"font-weight: bold; border-bottom: 2px solid #000000; padding-bottom: 5px; font-size: 16px;\">2. PROCESSO DE CANDIDATURA<\/p><p style=\"font-weight: bold; margin-top: 15px;\">P: Como fa\u00e7o para me candidatar \u00e0 bolsa?<\/p><p>R: Os candidatos devem preencher o formul\u00e1rio de inscri\u00e7\u00e3o oficial online e enviar todos os documentos necess\u00e1rios (CV e carta de recomenda\u00e7\u00e3o). N\u00e3o ser\u00e3o consideradas candidaturas enviadas por e-mail ou em vers\u00e3o impressa.<\/p><p>Apply here:https:\/\/www.starsfellows.africa\/applyattypp\/<\/p><p>\u00a0<\/p><p style=\"font-weight: bold; margin-top: 15px;\">P: Qual \u00e9 o prazo de inscri\u00e7\u00e3o?<\/p><p>R: O prazo para as inscri\u00e7\u00f5es \u00e9 at\u00e9 o final do dia <strong>31 January 2026<\/strong>\u00a0(00h00 GMT). Candidaturas enviadas ap\u00f3s o prazo ou incompletas n\u00e3o ser\u00e3o consideradas.<\/p><p style=\"font-weight: bold; margin-top: 15px;\">P: Quais documentos de apoio devo enviar?<\/p><p>R: Voc\u00ea precisa fornecer:<\/p><ul><li><strong>Um Curr\u00edculo Vitae (CV)<\/strong> (Please use the CV provided)<\/li><li><strong>Uma carta de recomenda\u00e7\u00e3o<\/strong> (refeente acad\u00eamico\/profissional)<\/li><li>You will also be required to upload a brief <strong>v\u00eddeo<\/strong> para apresentar uma ideia de pesquisa\/projeto inovadora<\/li><li><strong><u>Se selecionado<\/u><\/strong> Se selecionado para a bolsa, ser\u00e1 necess\u00e1rio fornecer uma c\u00f3pia certificada de suas qualifica\u00e7\u00f5es.<\/li><li><strong><u>Se selecionado<\/u><\/strong> Para os programas de gradua\u00e7\u00e3o (MSc ou MBA), ser\u00e1 necess\u00e1rio que suas qualifica\u00e7\u00f5es sejam avaliadas pela SAQA (veja a se\u00e7\u00e3o de Avalia\u00e7\u00e3o de Qualifica\u00e7\u00f5es Estrangeiras).<\/li><\/ul><p style=\"font-weight: bold; margin-top: 15px;\">P: O que fazer se voc\u00ea tiver dificuldades em anexar arquivos ao formul\u00e1rio do Google?<\/p><p>R: Se voc\u00ea tiver dificuldades para carregar anexos, tente uma das solu\u00e7\u00f5es sugeridas neste blog. O link para o blog \u00e9: <a href=\"https:\/\/www.exabytes.sg\/blog\/how-to-fix-google-forms-file-upload-failed\/\" target=\"_blank\" rel=\"noopener\">https:\/\/www.exabytes.sg\/blog\/how-to-fix-google-forms-file-upload-failed\/<\/a>.<\/p><p style=\"font-weight: bold; margin-top: 15px;\">P: Para quem a carta de recomenda\u00e7\u00e3o deve ser endere\u00e7ada?<\/p><p>R: Por favor, enderece a carta de recomenda\u00e7\u00e3o \u00e0 Comiss\u00e3o de Sele\u00e7\u00e3o do Programa de Bolsas African STARS.<\/p><p style=\"font-weight: bold; margin-top: 15px;\">P: Quem deve assinar a carta de recomenda\u00e7\u00e3o?<\/p><p>R: A carta de recomenda\u00e7\u00e3o deve ser escrita pelo seu supervisor, gerente imediato ou chefe de departamento.<\/p><p style=\"font-weight: bold; margin-top: 15px;\">P: O que a carta de recomenda\u00e7\u00e3o deve conter?<\/p><p>R: A carta de recomenda\u00e7\u00e3o deve destacar os benef\u00edcios que o treinamento trar\u00e1 para voc\u00ea como indiv\u00edduo. Se voc\u00ea for selecionado para a bolsa, tamb\u00e9m poderemos solicitar uma carta do seu empregador \/ supervisor confirmando que eles apoiam sua aus\u00eancia do trabalho \/ estudos.<\/p><p style=\"font-weight: bold; margin-top: 15px;\">P: Quando os candidatos ser\u00e3o notificados sobre sua candidatura?<\/p><p>R: A data de encerramento para as candidaturas \u00e9 <strong>31 January 2026<\/strong>R: Nenhuma candidatura atrasada ser\u00e1 aceita. Todas as candidaturas ser\u00e3o pontuadas e as de maior classifica\u00e7\u00e3o ser\u00e3o pr\u00e9-selecionadas. Os candidatos selecionados ser\u00e3o notificados dentro de 2 meses ap\u00f3s a data de encerramento.<\/p><p style=\"font-weight: bold; margin-top: 15px;\">P: H\u00e1 uma taxa de inscri\u00e7\u00e3o?<\/p><p>R: N\u00e3o h\u00e1 taxa associada \u00e0 inscri\u00e7\u00e3o para a bolsa.<\/p><p style=\"font-weight: bold; margin-top: 15px;\">P: Posso me candidatar mesmo estando atualmente matriculado em uma universidade?<\/p><p>R: Sim. Voc\u00ea pode se candidatar \u00e0 bolsa, mas deve obter permiss\u00e3o do seu supervisor e da sua institui\u00e7\u00e3o para participar do programa de bolsas.<\/p><p style=\"font-weight: bold; margin-top: 15px;\">P: Posso me candidatar se tiver dupla cidadania?<\/p><p>R: Candidatos com dupla cidadania podem se candidatar. No entanto, a prefer\u00eancia ser\u00e1 dada aos candidatos que nasceram e \/ ou residem na \u00c1frica e que tenham um forte compromisso de permanecer na \u00c1frica.<\/p><p style=\"font-weight: bold; border-bottom: 2px solid #000000; padding-bottom: 5px; font-size: 16px;\">3. PISTAS DE BOLSAS E TREINAMENTO<\/p><p style=\"font-weight: bold; margin-top: 15px;\">P: Qual \u00e9 a diferen\u00e7a entre as bolsas ATT e YPP?<\/p><p>R:<\/p><ul><li><strong>Bolsas de Treinamento Avan\u00e7ado e Translacional (ATT) (4-6 meses):<\/strong> Foca em gen\u00f4mica avan\u00e7ada para an\u00e1lise de sa\u00fade p\u00fablica, design de diagn\u00f3stico gen\u00f4mico e fabrica\u00e7\u00e3o de vacinas.<\/li><li><strong>Bolsas do Programa Jovens Profissionais (YPP) (12 meses):<\/strong> Foca em inova\u00e7\u00e3o em biotecnologia e empreendedorismo, com coloca\u00e7\u00f5es na ind\u00fastria.<\/li><\/ul><p style=\"font-weight: bold; margin-top: 15px;\">P: Onde o treinamento ocorrer\u00e1?<\/p><p>R: Este \u00e9 um treinamento presencial e os estagi\u00e1rios dever\u00e3o se comprometer com todo o per\u00edodo de treinamento. O treinamento ocorrer\u00e1 em:<\/p><ul><li><strong>Centro de Resposta a Epidemias e Inova\u00e7\u00e3o (CERI), Universidade de Stellenbosch (\u00c1frica do Sul)<\/strong><\/li><li><strong>and CARE at Institut Pasteur de Dakar (Senegal)<\/strong><\/li><\/ul><p>Os bolsistas podem indicar seus <strong>local de treinamento preferido<\/strong> in the application.<\/p><p>Fellows participating in the YPP Fellowship will also spend part of their fellowship with an industry or company.<\/p><p style=\"font-weight: bold; margin-top: 15px;\">P: O que farei durante a bolsa?<\/p><p>R: O bolsista se envolver\u00e1 em um curr\u00edculo estruturado durante toda a dura\u00e7\u00e3o da bolsa.<\/p><p style=\"font-weight: bold; margin-top: 15px;\">P: A bolsa \u00e9 em tempo integral ou meio per\u00edodo?<\/p><p>R: A bolsa ATT dura de 4 a 6 meses, a bolsa YPP dura 12 meses e as bolsas MSc e MBA t\u00eam dura\u00e7\u00e3o de 2 anos. As bolsas ATT, YPP e MSc s\u00e3o em tempo integral. O MBA \u00e9 um curso de meio per\u00edodo.<\/p><p style=\"font-weight: bold; margin-top: 15px;\">P: Existem oportunidades de networking durante a bolsa?<\/p><p>R: Sim. Os bolsistas se juntar\u00e3o ao <strong>African STARS Alumni Network<\/strong>, ganhar\u00e3o acesso a oportunidades de desenvolvimento de carreira e receber\u00e3o mentoria cont\u00ednua e apoio em sua jornada profissional. Eles s\u00e3o incentivados a contribuir para a lideran\u00e7a cient\u00edfica e os esfor\u00e7os de resposta a epidemias em seus pa\u00edses de origem. Bolsistas participantes da bolsa YPP tamb\u00e9m ter\u00e3o oportunidades de networking com parceiros da ind\u00fastria.<\/p><p style=\"font-weight: bold; margin-top: 15px;\">P: Quando se espera que eu comece a bolsa?<\/p><p>R: As bolsas ATT e YPP come\u00e7ar\u00e3o em julho-agosto. Haver\u00e1 duas turmas, uma em 2025 e outra em 2026. As bolsas MSc e MBA come\u00e7ar\u00e3o no primeiro trimestre de 2026, e a dura\u00e7\u00e3o desses cursos ser\u00e1 de 2 anos.<\/p><p style=\"font-weight: bold; margin-top: 15px;\">P: Em qual idioma o treinamento ser\u00e1 ministrado?<\/p><p>R: O treinamento ser\u00e1 oferecido em <strong>Ingl\u00eas ou Franc\u00eas<\/strong>. Os candidatos devem indicar sua prefer\u00eancia de idioma no formul\u00e1rio de inscri\u00e7\u00e3o. As bolsas realizadas na \u00c1frica do Sul ser\u00e3o oferecidas apenas em ingl\u00eas.<\/p><p style=\"font-weight: bold; border-bottom: 2px solid #000000; padding-bottom: 5px; font-size: 16px;\">4. AVALIA\u00c7\u00c3O DE QUALIFICA\u00c7\u00d5ES ESTRANGEIRAS<\/p><p style=\"font-weight: bold; margin-top: 15px;\">P: Por que preciso ter minhas qualifica\u00e7\u00f5es estrangeiras avaliadas para as bolsas de MBA e MSc?<\/p><p>R: A avalia\u00e7\u00e3o da South African Qualifications Authority (SAQA) \u00e9 necess\u00e1ria para garantir que suas qualifica\u00e7\u00f5es estrangeiras sejam reconhecidas na \u00c1frica do Sul para emprego, estudos adicionais ou registro profissional.<\/p><p style=\"font-weight: bold; margin-top: 15px;\">P: Quem precisa solicitar a avalia\u00e7\u00e3o da SAQA?<\/p><p>R: Apenas os candidatos aceitos nos programas de MBA e\/ou MSc da Universidade de Stellenbosch precisar\u00e3o solicitar a avalia\u00e7\u00e3o da SAQA.<\/p><p style=\"font-weight: bold; margin-top: 15px;\">P: Quanto tempo leva o processo de avalia\u00e7\u00e3o da SAQA?<\/p><p>R: O processo geralmente leva de 4 a 6 semanas, mas pode variar dependendo da complexidade da qualifica\u00e7\u00e3o e da completude da sua solicita\u00e7\u00e3o.<\/p><p style=\"font-weight: bold; margin-top: 15px;\">P: Quanto custa solicitar a avalia\u00e7\u00e3o da SAQA?<\/p><p>R: A taxa varia dependendo do tipo de avalia\u00e7\u00e3o. A partir de 2025, o custo \u00e9 de aproximadamente R668 para uma avalia\u00e7\u00e3o padr\u00e3o de um registro acad\u00eamico. Consulte o site da SAQA para obter as taxas atualizadas <a href=\"https:\/\/www.saqa.org.za\/services\/evaluation-of-foreign-qualifications\/\" target=\"_blank\" rel=\"noopener\">https:\/\/www.saqa.org.za\/services\/evaluation-of-foreign-qualifications\/<\/a><\/p><p style=\"font-weight: bold; margin-top: 15px;\">P: Quais documentos s\u00e3o necess\u00e1rios para a avalia\u00e7\u00e3o da SAQA?<\/p><p>R: Voc\u00ea geralmente precisar\u00e1 de:<\/p><ul><li>C\u00f3pias certificadas de suas qualifica\u00e7\u00f5es (certificados, diplomas, graus acad\u00eamicos)<\/li><li>Hist\u00f3ricos acad\u00eamicos<\/li><li>Uma c\u00f3pia certificada do seu documento de identidade ou passaporte<\/li><li>Um formul\u00e1rio de inscri\u00e7\u00e3o preenchido<\/li><li>Comprovante de pagamento da taxa de avalia\u00e7\u00e3o.<\/li><\/ul><p style=\"font-weight: bold; margin-top: 15px;\">P: Posso solicitar a avalia\u00e7\u00e3o da SAQA se n\u00e3o estiver na \u00c1frica do Sul?<\/p><p>R: Sim, voc\u00ea pode se candidatar do exterior. A SAQA aceita inscri\u00e7\u00f5es online, e voc\u00ea pode enviar c\u00f3pias certificadas dos seus documentos.<\/p><p style=\"font-weight: bold; margin-top: 15px;\">P: O que acontece se minhas qualifica\u00e7\u00f5es n\u00e3o forem reconhecidas pela SAQA?<\/p><p>R: A SAQA ir\u00e1 inform\u00e1-lo se sua qualifica\u00e7\u00e3o n\u00e3o atender aos padr\u00f5es sul-africanos. Voc\u00ea pode precisar fornecer documenta\u00e7\u00e3o adicional ou realizar estudos complementares para atender aos requisitos.<\/p><p style=\"font-weight: bold; margin-top: 15px;\">P: Preciso solicitar a avalia\u00e7\u00e3o da SAQA se estiver me candidatando \u00e0 bolsa ATT ou YPP?<\/p><p>R: N\u00e3o, voc\u00ea n\u00e3o precisa solicitar a avalia\u00e7\u00e3o da SAQA se estiver se candidatando \u00e0s bolsas Advanced Translational Training (ATT) ou Young Professionals Program (YPP).<\/p><p style=\"font-weight: bold; border-bottom: 2px solid #000000; padding-bottom: 5px; font-size: 16px;\">5. FINANCIAMENTO E APOIO<\/p><p style=\"font-weight: bold; margin-top: 15px;\">P: A bolsa cobre os custos de viagem e acomoda\u00e7\u00e3o?<\/p><p>R: Sim, os bolsistas selecionados receber\u00e3o <strong>financiamento completo<\/strong>, que inclui viagem (ou seja, passagem de ida e volta em classe econ\u00f4mica do seu pa\u00eds de resid\u00eancia na \u00c1frica), acomoda\u00e7\u00e3o e um subs\u00eddio para cobrir as despesas de subsist\u00eancia durante o per\u00edodo de treinamento.<\/p><p style=\"font-weight: bold; margin-top: 15px;\">P: H\u00e1 algum apoio financeiro para solicita\u00e7\u00f5es de visto?<\/p><p>R: Sim, o programa oferece suporte para solicita\u00e7\u00f5es de visto para os bolsistas selecionados. Ser\u00e1 fornecida uma carta de convite para facilitar a solicita\u00e7\u00e3o do visto. Os bolsistas ser\u00e3o respons\u00e1veis por solicitar e pagar pelo visto em seu pa\u00eds de origem. As despesas com a solicita\u00e7\u00e3o do visto ser\u00e3o reembolsadas, desde que sejam apresentados recibos v\u00e1lidos. Observe que apenas o custo da solicita\u00e7\u00e3o ser\u00e1 coberto. As despesas de viagem at\u00e9 os escrit\u00f3rios de visto n\u00e3o ser\u00e3o reembolsadas.<\/p><p style=\"font-weight: bold; margin-top: 15px;\">P: Precisarei de seguro de sa\u00fade durante a bolsa e ele tamb\u00e9m ser\u00e1 coberto?<\/p><p>R: Todos os bolsistas receber\u00e3o seguro m\u00e9dico durante a dura\u00e7\u00e3o da bolsa e ser\u00e3o auxiliados na solicita\u00e7\u00e3o da cobertura antes do in\u00edcio da bolsa.<\/p><p style=\"font-weight: bold; margin-top: 15px;\">P: A bolsa inclui suporte para cuidados infantis?<\/p><p>R: Nenhum suporte para cuidados familiares ser\u00e1 fornecido para as bolsas ATT e YPP. No entanto, para as bolsas de longo prazo (MBA e MSc), pode haver algum suporte para cuidados infantis. Os pedidos de suporte para cuidados infantis ser\u00e3o analisados caso a caso.<\/p><p style=\"font-weight: bold; margin-top: 15px;\">P: Preciso levar meu pr\u00f3prio laptop ou equipamento?<\/p><p>\u00c9 recomend\u00e1vel trazer seu pr\u00f3prio laptop. As bolsas de longo prazo (&gt;12 meses) fornecer\u00e3o um laptop, se necess\u00e1rio.<\/p><p style=\"font-weight: bold; margin-top: 15px;\">P: Posso estender minha bolsa se precisar de mais tempo para concluir meu projeto de MBA ou MSc?<\/p><p>Os projetos devem ser conclu\u00eddos dentro do per\u00edodo da bolsa. Em circunst\u00e2ncias excepcionais, uma extens\u00e3o pode ser poss\u00edvel, mas tamb\u00e9m dever\u00e1 estar em conformidade com as regras e regulamentos da Universidade de Stellenbosch para treinamento acad\u00eamico.<\/p><p style=\"font-weight: bold; border-bottom: 2px solid #000000; padding-bottom: 5px; font-size: 16px;\">6. OPORTUNIDADES P\u00d3S-BOLSA<\/p><p style=\"font-weight: bold; margin-top: 15px;\">P: Receberei um certificado ao concluir a bolsa?<\/p><p>R: Sim, todos os bolsistas que conclu\u00edrem com sucesso os programas ATT e YPP receber\u00e3o um <strong>certificado de conclus\u00e3o<\/strong> do CERI e do IPD. Os bolsistas que conclu\u00edrem com sucesso o MSc ou o MBA receber\u00e3o <strong>graus acad\u00eamicos<\/strong> da Universidade de Stellenbosch.<\/p><p style=\"font-weight: bold; margin-top: 15px;\">P: O que acontece ap\u00f3s a bolsa?<\/p><p>R: Os bolsistas se juntar\u00e3o ao <strong>African STARS Alumni Network<\/strong>, ganhar\u00e3o acesso a oportunidades de desenvolvimento de carreira e receber\u00e3o mentoria e apoio cont\u00ednuos em sua jornada profissional. Eles s\u00e3o incentivados a contribuir para a lideran\u00e7a cient\u00edfica e os esfor\u00e7os de resposta a epidemias em seus pa\u00edses de origem.<\/p><p style=\"font-weight: bold; border-bottom: 2px solid #000000; padding-bottom: 5px; font-size: 16px;\">7. OUTRAS PERGUNTAS<\/p><p style=\"font-weight: bold; margin-top: 15px;\">P: Posso me candidatar se estiver atualmente matriculado em um programa de Doutorado ou Mestrado?<\/p><p>R: Sim, mas voc\u00ea deve fornecer comprova\u00e7\u00e3o de sua capacidade de concluir a bolsa sem interferir em seus compromissos acad\u00eamicos.<\/p><p style=\"font-weight: bold; margin-top: 15px;\">P: Posso me candidatar se estiver atualmente empregado?<\/p><p>R: Sim, mas este \u00e9 um programa de treinamento presencial, e os participantes dever\u00e3o se comprometer com todo o per\u00edodo de treinamento. Se estiver empregado, ser\u00e1 necess\u00e1rio fornecer comprova\u00e7\u00e3o de que seu empregador apoia sua participa\u00e7\u00e3o na bolsa sem que isso interfira em seus compromissos profissionais.<\/p><p style=\"font-weight: bold; margin-top: 15px;\">P: Posso me candidatar se j\u00e1 participei anteriormente de uma bolsa Genomics Africa ou de um programa similar?<\/p><p>R: Sim, mas a prioridade ser\u00e1 dada aos novos candidatos que atendam aos crit\u00e9rios de elegibilidade.<\/p><p style=\"font-weight: bold; margin-top: 15px;\">P: Posso me candidatar a v\u00e1rios programas de bolsa ao mesmo tempo?<\/p><p>R: \u00c9 poss\u00edvel se candidatar a mais de uma bolsa ao mesmo tempo. \u00c9 responsabilidade do bolsista garantir que cumpra as condi\u00e7\u00f5es de todas as bolsas que receber.<\/p><p style=\"font-weight: bold; margin-top: 15px;\">P: Posso trabalhar ou estudar enquanto participo da bolsa?<\/p><p>R: Pode ser poss\u00edvel participar de alguns tipos de bolsas (por exemplo, ATT, YPP, MSc, MBA) enquanto estuda ou trabalha. No entanto, todas as bolsas exigem alguma presen\u00e7a presencial. Portanto, ser\u00e1 responsabilidade do bolsista obter a permiss\u00e3o necess\u00e1ria de sua universidade ou empregador para se ausentar dos estudos ou do trabalho a fim de participar da bolsa. N\u00e3o ser\u00e1 poss\u00edvel estudar ou trabalhar enquanto cursa o MSc, pois \u00e9 um programa presencial e em tempo integral.<\/p><p style=\"font-weight: bold; margin-top: 15px;\">P: Onde vou me hospedar durante a bolsa?<\/p><p>R: Uma acomoda\u00e7\u00e3o adequada ser\u00e1 providenciada durante toda a dura\u00e7\u00e3o da bolsa.<\/p><p style=\"font-weight: bold; margin-top: 15px;\">P: Posso levar minha fam\u00edlia comigo?<\/p><p>R: Pode ser poss\u00edvel levar seus familiares com voc\u00ea. No entanto, o bolsista ser\u00e1 respons\u00e1vel por todos os custos de viagem, visto e acomoda\u00e7\u00e3o da fam\u00edlia.<\/p><p style=\"font-weight: bold; margin-top: 15px;\">P: Pessoas com defici\u00eancia podem participar?<\/p><p>R: Sim. Os candidatos dever\u00e3o indicar na candidatura se possuem alguma defici\u00eancia. Qualquer informa\u00e7\u00e3o coletada sobre a defici\u00eancia ser\u00e1 usada apenas para fins de planejamento, garantindo que possamos atender \u00e0s circunst\u00e2ncias espec\u00edficas.<\/p><p style=\"font-weight: bold; margin-top: 15px;\">P: Preciso retornar ao meu pa\u00eds de origem ap\u00f3s a bolsa?<\/p><p>R: Sim. Candidatos com um forte compromisso de permanecer na \u00c1frica ap\u00f3s a bolsa ser\u00e3o priorizados.<\/p><p style=\"font-weight: bold; margin-top: 15px;\">P: Com quem devo entrar em contato para mais informa\u00e7\u00f5es?<\/p><p>R: Para qualquer d\u00favida adicional, por favor, envie um e-mail para <a href=\"https:\/\/www.linkedin.com\/in\/maambelekhosa\/\">Maambele Khosa<\/a> <a href=\"mailto:starsfellows@sun.ac.za\">starsfellows@sun.ac.za<\/a>.<\/p><p style=\"font-weight: bold; margin-top: 15px;\">P: Se eu me candidatar a um dos quatro programas e for aprovado, ainda poderei me candidatar aos outros programas? Por exemplo, se eu for selecionado para o programa ATT, ainda poderei me candidatar ao MBA?<\/p><p>R: Sim, voc\u00ea ainda pode se candidatar aos outros programas. No entanto, alguns programas ocorrer\u00e3o simultaneamente, e n\u00e3o ser\u00e1 poss\u00edvel participar de dois programas ao mesmo tempo.<\/p>\t\t\t\t\t\t\t\t<\/div>\n\t\t\t\t<\/div>\n\t\t\t\t\t<\/div>\n\t\t\t\t<\/div>\n\t\t\t\t<\/div>","protected":false},"excerpt":{"rendered":"<p>1. GENERAL INFORMATION Q: What is the African STARS Fellowship Programme? A: The African STARS Fellowship Programme is a training initiative led by the Centre for Epidemic Response and Innovation (CERI) at Stellenbosch University and the Institut Pasteur de Dakar (IPD). It aims to build African expertise in genomics, diagnostics, and vaccine design while expanding [&hellip;]<\/p>\n","protected":false},"author":1,"featured_media":0,"parent":0,"menu_order":0,"comment_status":"closed","ping_status":"closed","template":"","meta":{"cybocfi_hide_featured_image":"","footnotes":""},"class_list":["post-1267","page","type-page","status-publish","hentry"],"_links":{"self":[{"href":"https:\/\/www.starsfellows.africa\/pt\/wp-json\/wp\/v2\/pages\/1267","targetHints":{"allow":["GET"]}}],"collection":[{"href":"https:\/\/www.starsfellows.africa\/pt\/wp-json\/wp\/v2\/pages"}],"about":[{"href":"https:\/\/www.starsfellows.africa\/pt\/wp-json\/wp\/v2\/types\/page"}],"author":[{"embeddable":true,"href":"https:\/\/www.starsfellows.africa\/pt\/wp-json\/wp\/v2\/users\/1"}],"replies":[{"embeddable":true,"href":"https:\/\/www.starsfellows.africa\/pt\/wp-json\/wp\/v2\/comments?post=1267"}],"version-history":[{"count":21,"href":"https:\/\/www.starsfellows.africa\/pt\/wp-json\/wp\/v2\/pages\/1267\/revisions"}],"predecessor-version":[{"id":2800,"href":"https:\/\/www.starsfellows.africa\/pt\/wp-json\/wp\/v2\/pages\/1267\/revisions\/2800"}],"wp:attachment":[{"href":"https:\/\/www.starsfellows.africa\/pt\/wp-json\/wp\/v2\/media?parent=1267"}],"curies":[{"name":"wp","href":"https:\/\/api.w.org\/{rel}","templated":true}]}}