{"id":1480,"date":"2025-06-13T17:58:58","date_gmt":"2025-06-13T17:58:58","guid":{"rendered":"https:\/\/www.starsfellows.africa\/?page_id=1480"},"modified":"2025-12-17T17:21:20","modified_gmt":"2025-12-17T17:21:20","slug":"applymsc","status":"publish","type":"page","link":"https:\/\/www.starsfellows.africa\/fr\/applymsc\/","title":{"rendered":"African STARS MSC Fellowship Applications are Now Closed!"},"content":{"rendered":"<div data-elementor-type=\"wp-page\" data-elementor-id=\"1480\" class=\"elementor elementor-1480\" data-elementor-post-type=\"page\">\n\t\t\t\t<div class=\"elementor-element elementor-element-8f6795d e-flex e-con-boxed e-con e-parent\" data-id=\"8f6795d\" data-element_type=\"container\" data-e-type=\"container\" data-settings=\"{&quot;jet_parallax_layout_list&quot;:[]}\">\n\t\t\t\t\t<div class=\"e-con-inner\">\n\t\t\t\t<div class=\"elementor-element elementor-element-3bec744 elementor-widget elementor-widget-text-editor\" data-id=\"3bec744\" data-element_type=\"widget\" data-e-type=\"widget\" data-widget_type=\"text-editor.default\">\n\t\t\t\t<div class=\"elementor-widget-container\">\n\t\t\t\t\t\t\t\t\t<h3><strong><img fetchpriority=\"high\" decoding=\"async\" class=\"alignnone size-large wp-image-2773\" src=\"https:\/\/www.starsfellows.africa\/wp-content\/uploads\/2025\/12\/MSC-1024x576.png\" alt=\"\" width=\"1024\" height=\"576\" srcset=\"https:\/\/www.starsfellows.africa\/wp-content\/uploads\/2025\/12\/MSC-1024x576.png 1024w, https:\/\/www.starsfellows.africa\/wp-content\/uploads\/2025\/12\/MSC-300x169.png 300w, https:\/\/www.starsfellows.africa\/wp-content\/uploads\/2025\/12\/MSC-768x432.png 768w, https:\/\/www.starsfellows.africa\/wp-content\/uploads\/2025\/12\/MSC-1536x864.png 1536w, https:\/\/www.starsfellows.africa\/wp-content\/uploads\/2025\/12\/MSC-18x10.png 18w, https:\/\/www.starsfellows.africa\/wp-content\/uploads\/2025\/12\/MSC-150x85.png 150w, https:\/\/www.starsfellows.africa\/wp-content\/uploads\/2025\/12\/MSC-600x338.png 600w, https:\/\/www.starsfellows.africa\/wp-content\/uploads\/2025\/12\/MSC.png 1920w\" sizes=\"(max-width: 1024px) 100vw, 1024px\" \/><\/strong><\/h3><div class=\"elementor-element elementor-element-2432fdc elementor-widget elementor-widget-text-editor is-mac\" data-id=\"2432fdc\" data-element_type=\"widget\" data-widget_type=\"text-editor.default\"><div class=\"elementor-widget-container\"><p>Le Centre for Epidemic Response and Innovation (CERI) de l\u2019Universit\u00e9 de Stellenbosch (Afrique du Sud) et l\u2019Institut Pasteur de Dakar (IPD) (S\u00e9n\u00e9gal), en partenariat avec la Mastercard Foundation, lancent un appel \u00e0 candidatures pour la bourse African STARS : une opportunit\u00e9 enti\u00e8rement financ\u00e9e pour poursuivre un Master (MSc) en Bioinformatique des Maladies Infectieuses et G\u00e9nomique des Pathog\u00e8nes \u00e0 l\u2019Universit\u00e9 de Stellenbosch, en Afrique du Sud.<\/p><p><strong>\u00c0 propos du programme de Master (MSc)<br \/><\/strong><\/p><p>This two-year, multidisciplinary MSc programme is designed to equip African scientists with theexpertise needed to lead innovative research in infectious diseases and pathogen genomics.<\/p><ul><li>Duration: 2 years (Feb 2026 \u2013 Jan 2028)<\/li><li>Location: Stellenbosch University, Cape Town, South Africa<\/li><li>Structured 9-month lecture block, including a compulsory Statistics and Bioinformatics module,followed by elective capita selecta modules in Infectious Diseases or Pathogen Genomics, offering flexibility to address emerging research priorities.<\/li><li>Over 1 year of hands-on research training within Stellenbosch University\u2019s world-class infectiousdisease laboratories to complete a bioinformatics research project.<\/li><li>Ateliers de d\u00e9veloppement de carri\u00e8re adapt\u00e9s aux besoins des chercheurs dans les pays \u00e0 revenu faible ou interm\u00e9diaire (PRFI).<\/li><li>Encadrement continu assur\u00e9 par une \u00e9quipe d\u00e9di\u00e9e de superviseurs bas\u00e9s \u00e0 l\u2019Universit\u00e9 de Stellenbosch et dans les institutions partenaires.<\/li><li>Pour des informations d\u00e9taill\u00e9es sur la structure du programme de Master (MSc), consultez <a href=\"https:\/\/www.sun.ac.za\/english\/Documents\/Yearbooks\/Current\/2025-FMHS.pdf\" target=\"_blank\" rel=\"noopener\">la page 136<\/a> de l\u2019annuaire 2025 de la Facult\u00e9 de M\u00e9decine et des Sciences de la Sant\u00e9.<\/li><\/ul><p><strong>Aper\u00e7u du financement de la bourse<\/strong><\/p><p>La bourse African STARS couvre l\u2019int\u00e9gralit\u00e9 des frais du programme de Master (MSc), y compris :<\/p><ul><li>Frais de scolarit\u00e9<\/li><li>H\u00e9bergement<\/li><li>Allocation de subsistance<\/li><li>Frais li\u00e9s \u00e0 la recherche<\/li><li>Frais de transport a\u00e9rien<\/li><li>Assurance sant\u00e9<\/li><\/ul><p><strong>Crit\u00e8res d\u2019\u00e9ligibilit\u00e9<\/strong><\/p><p>Les candidats doivent satisfaire aux exigences suivantes :<\/p><ul><li>\u00catre n\u00e9(e) en Afrique et\/ou y r\u00e9sider<\/li><li>\u00c2g\u00e9(e) de 35 ans ou moins au moment de la candidature<\/li><li>Hold a BSc Honours (NQF level 8) or equivalent 4-year degree (\u226565%) in: Bioinformatics, Data Science, Mathematics, Statistics, Computer Science, Biochemistry, Genetics, Molecular Biology, or a related field<\/li><li>Les femmes sont fortement encourag\u00e9es \u00e0 postuler<\/li><\/ul><p><strong>Comment postuler<\/strong><\/p><p><strong>\u00c9tape 1 :<\/strong> <a href=\"https:\/\/forms.gle\/FT7S6Qse1qrJtHQu9\" target=\"_blank\" rel=\"noopener\">Cliquez ici<\/a> pour postuler \u00e0 la bourse African STARS<br \/>Remarque : Ce formulaire concerne uniquement la demande de bourse.<br \/>Date limite : <strong>26 juin 2025<\/strong><\/p><p><strong>\u00c9tape 2 :<\/strong> <a href=\"https:\/\/student.sun.ac.za\/signup\/\" target=\"_blank\" rel=\"noopener\">Soumettre une candidature officielle<\/a> \u00e0 l\u2019Universit\u00e9 de Stellenbosch pour l\u2019admission au programme de Master (MSc).<br \/>Date limite : <strong>31 ao\u00fbt 2025<\/strong> (International), <strong>30 septembre 2025<\/strong> (Sud-Africains)<\/p><p><strong>Contact<\/strong><br \/>For questions or further information, please visit the FAQ, if not covered you can contact:<br \/>Maambele Khosa<br \/>Courriel : <a href=\"mailto:starsfellows@sun.ac.za\">starsfellows@sun.ac.za<\/a> \/ <a href=\"mailto:maambele@sun.ac.za\">maambele@sun.ac.za<\/a><\/p><\/div><\/div>\t\t\t\t\t\t\t\t<\/div>\n\t\t\t\t<\/div>\n\t\t\t\t\t<\/div>\n\t\t\t\t<\/div>\n\t\t\t\t<\/div>","protected":false},"excerpt":{"rendered":"<p>The Centre for Epidemic Response and Innovation (CERI) at Stellenbosch University (South Africa) and the Institut Pasteur de Dakar (IPD) (Senegal), in partnership with the Mastercard Foundation, invite applications for the African STARS Fellowship; a fully funded opportunity to pursue an MSc in Bioinformatics of Infectious Diseases and Pathogen Genomics at Stellenbosch University, South Africa. [&hellip;]<\/p>\n","protected":false},"author":1,"featured_media":0,"parent":0,"menu_order":0,"comment_status":"closed","ping_status":"closed","template":"","meta":{"cybocfi_hide_featured_image":"","footnotes":""},"class_list":["post-1480","page","type-page","status-publish","hentry"],"_links":{"self":[{"href":"https:\/\/www.starsfellows.africa\/fr\/wp-json\/wp\/v2\/pages\/1480","targetHints":{"allow":["GET"]}}],"collection":[{"href":"https:\/\/www.starsfellows.africa\/fr\/wp-json\/wp\/v2\/pages"}],"about":[{"href":"https:\/\/www.starsfellows.africa\/fr\/wp-json\/wp\/v2\/types\/page"}],"author":[{"embeddable":true,"href":"https:\/\/www.starsfellows.africa\/fr\/wp-json\/wp\/v2\/users\/1"}],"replies":[{"embeddable":true,"href":"https:\/\/www.starsfellows.africa\/fr\/wp-json\/wp\/v2\/comments?post=1480"}],"version-history":[{"count":51,"href":"https:\/\/www.starsfellows.africa\/fr\/wp-json\/wp\/v2\/pages\/1480\/revisions"}],"predecessor-version":[{"id":2795,"href":"https:\/\/www.starsfellows.africa\/fr\/wp-json\/wp\/v2\/pages\/1480\/revisions\/2795"}],"wp:attachment":[{"href":"https:\/\/www.starsfellows.africa\/fr\/wp-json\/wp\/v2\/media?parent=1480"}],"curies":[{"name":"wp","href":"https:\/\/api.w.org\/{rel}","templated":true}]}}