{"id":1451,"date":"2025-06-04T20:59:34","date_gmt":"2025-06-04T20:59:34","guid":{"rendered":"https:\/\/www.starsfellows.africa\/?page_id=1451"},"modified":"2025-06-18T17:27:21","modified_gmt":"2025-06-18T17:27:21","slug":"faqs-msc","status":"publish","type":"page","link":"https:\/\/www.starsfellows.africa\/fr\/faqs-msc\/","title":{"rendered":"Questions fr\u00e9quemment pos\u00e9es (FAQ) \u2013 Bourse de Master African STARS"},"content":{"rendered":"<div data-elementor-type=\"wp-page\" data-elementor-id=\"1451\" class=\"elementor elementor-1451\" data-elementor-post-type=\"page\">\n\t\t\t\t<div class=\"elementor-element elementor-element-9335b9c e-flex e-con-boxed e-con e-parent\" data-id=\"9335b9c\" data-element_type=\"container\" data-e-type=\"container\" data-settings=\"{&quot;jet_parallax_layout_list&quot;:[]}\">\n\t\t\t\t\t<div class=\"e-con-inner\">\n\t\t\t\t<div class=\"elementor-element elementor-element-cfbc93f elementor-widget elementor-widget-text-editor\" data-id=\"cfbc93f\" data-element_type=\"widget\" data-e-type=\"widget\" data-widget_type=\"text-editor.default\">\n\t\t\t\t<div class=\"elementor-widget-container\">\n\t\t\t\t\t\t\t\t\t<p style=\"font-weight: bold; border-bottom: 2px solid #000000; padding-bottom: 5px; font-size: 16px;\">1. INFORMATIONS G\u00c9N\u00c9RALES<\/p><p style=\"font-weight: bold; margin-top: 15px;\">Q : Qu'est-ce que le programme de bourse African STARS ?<\/p><p>R : Le programme de bourses African STARS est une initiative de formation dirig\u00e9e par le Centre for Epidemic Response and Innovation (CERI) de l\u2019Universit\u00e9 de Stellenbosch et l\u2019Institut Pasteur de Dakar (IPD), en partenariat avec la Mastercard Foundation. Ce programme vise \u00e0 renforcer l\u2019expertise africaine dans les domaines de la g\u00e9nomique, du diagnostic et de la conception de vaccins, tout en \u00e9largissant les opportunit\u00e9s d\u2019emploi pour les jeunes scientifiques en Afrique.<\/p><p style=\"font-weight: bold; margin-top: 15px;\">Q : Qui est \u00e9ligible pour postuler \u00e0 la bourse ?<\/p><p>R : Les candidats doivent \u00eatre citoyens africains et\/ou r\u00e9sider en Afrique, \u00e2g\u00e9s de 35 ans ou moins au d\u00e9but de la bourse, avec une formation en g\u00e9nomique, diagnostic, conception de vaccins, \u00e9conomie ou biotechnologie. Ils doivent \u00eatre titulaires d\u2019au moins une licence (Bachelor), mais un Master (MSc) ou un doctorat (PhD) peut constituer un avantage pour d\u2019autres programmes de courte dur\u00e9e, tels que le YPP et l\u2019ATT.<\/p><p style=\"font-weight: bold; margin-top: 15px;\">Q : Qui finance la formation ?<\/p><p>R : Les bourses de ce programme sont financ\u00e9es par la Mastercard Foundation.<\/p><p style=\"font-weight: bold; border-bottom: 2px solid #000000; padding-bottom: 5px; font-size: 16px;\">2. Processus de candidature pour le dipl\u00f4me de Master (MSc)<\/p><p style=\"font-weight: bold; margin-top: 15px;\">Q : Comment puis-je postuler ?<\/p><p>R : Vous devez compl\u00e9ter deux candidatures distinctes :<\/p><ol><li><a href=\"https:\/\/forms.gle\/FT7S6Qse1qrJtHQu9\" target=\"_blank\" rel=\"noopener\">Candidature \u00e0 la bourse de Master (MSc)<\/a><br \/><p style=\"font-weight: bold; margin-top: 15px;\">Q : Comment postuler pour la bourse ?<\/p><p>R : Les candidats doivent remplir le formulaire de demande en ligne officiel et soumettre tous les documents requis (CV et lettre de recommandation). Aucune candidature envoy\u00e9e par e-mail ou en version papier ne sera prise en compte.<\/p><\/li><li>Universit\u00e9 <a href=\"https:\/\/student.sun.ac.za\/signup\/\" target=\"_blank\" rel=\"noopener\">Demande d\u2019admission<\/a> \u00e0 l\u2019Universit\u00e9 de Stellenbosch (SU)<\/li><\/ol><p><strong>Important :<\/strong> L\u2019admission \u00e0 l\u2019Universit\u00e9 de Stellenbosch (SU) est un processus distinct et est n\u00e9cessaire pour finaliser la bourse.<\/p><p style=\"font-weight: bold; margin-top: 15px;\">Q : Quelle est la date limite de candidature ?<\/p><p>R : La date limite de d\u00e9p\u00f4t des candidatures est fix\u00e9e \u00e0 la fin de la journ\u00e9e du 26 juin 2025 (00h00 GMT). Les candidatures tardives ou incompl\u00e8tes ne seront pas prises en compte.<\/p><p style=\"font-weight: bold; margin-top: 15px;\">Q : Quels documents dois-je soumettre ?<\/p><p>R : Tous les documents ci-dessous sont requis pour que la candidature soit compl\u00e8te (au format Word ou PDF) :<\/p><ul><li>Formulaire de candidature d\u00fbment rempli<\/li><li>CV \u00e0 jour (utilisez le mod\u00e8le fourni) <a href=\" https:\/\/europa.eu\/europass\/eportfolio\/screen\/cv-editor?lang=en\" target=\"_blank\" rel=\"noopener\">mod\u00e8le<\/a>)<\/li><li>Relev\u00e9s de notes acad\u00e9miques et certificats de qualification<\/li><li>Lettre de recommandation (adress\u00e9e au : Comit\u00e9 de s\u00e9lection African STARS)<\/li><li>R\u00e9sum\u00e9 de l\u2019article<\/li><li>Lettre de motivation<\/li><li>Justificatif d\u2019identit\u00e9 (par exemple : passeport ou carte d\u2019identit\u00e9 nationale)<\/li><\/ul><p style=\"font-weight: bold; margin-top: 15px;\">Q : Je suis en dehors de l\u2019Afrique du Sud. Ai-je besoin d\u2019une certification SAQA ?<\/p><p>R : Pas dans un premier temps. Si votre universit\u00e9 est accr\u00e9dit\u00e9e, la certification SAQA n\u2019est pas requise pour la candidature. Toutefois, l\u2019Universit\u00e9 de Stellenbosch peut la demander ult\u00e9rieurement.<\/p><p style=\"font-weight: bold; margin-top: 15px;\">Q : Les r\u00e9sultats des candidats retenus pour la bourse seront-ils communiqu\u00e9s avant la date limite de candidature au Master (MSc) ?<\/p><p>R : Non. Les calendriers de la bourse et de l\u2019admission \u00e0 l\u2019universit\u00e9 sont ind\u00e9pendants. Vous devez postuler aux deux dans les d\u00e9lais.<\/p><p style=\"font-weight: bold; margin-top: 15px;\">Q : Qu\u2019en est-il de ceux qui seront dipl\u00f4m\u00e9s en ao\u00fbt de cette ann\u00e9e ? Peuvent-ils postuler ?<\/p><p>R : Oui, mais vous devrez soumettre des r\u00e9sultats provisoires ou une lettre officielle confirmant votre qualification.<\/p><p style=\"font-weight: bold; margin-top: 15px;\">Q : Y a-t-il de la place pour les \u00e9tudiants ayant une formation en microbiologie mais une exp\u00e9rience limit\u00e9e en programmation ?<\/p><p>R : Oui. Bien que la programmation soit un atout, elle n\u2019est pas obligatoire. L\u2019enthousiasme et la volont\u00e9 d\u2019apprendre sont importants.<\/p><p style=\"font-weight: bold; margin-top: 15px;\">Q : Les \u00e9tudiants en derni\u00e8re ann\u00e9e de licence en bioinformatique peuvent-ils postuler ?<\/p><p>R : Si le dipl\u00f4me est au niveau 8 du NQF et que vous pouvez fournir une preuve de r\u00e9sultats provisoires, alors oui.<\/p><p style=\"font-weight: bold; margin-top: 15px;\">Q : J\u2019attends encore les r\u00e9sultats de mon dipl\u00f4me d\u2019honneurs. Puis-je postuler ?<\/p><p>R : Oui, mais vous devrez fournir une preuve de r\u00e9sultats provisoires.<\/p><p style=\"font-weight: bold; margin-top: 15px;\">Q : Je suis en derni\u00e8re ann\u00e9e de doctorat en sciences de laboratoire m\u00e9dical. Je terminerai mes cours en juin 2025. Suis-je \u00e9ligible...?<\/p><p>R : Oui, mais vous devrez fournir une preuve de r\u00e9sultats provisoires correspondant au niveau 8 du NQF ou sup\u00e9rieur.<\/p><p style=\"font-weight: bold; margin-top: 15px;\">Q : Qu\u2019en est-il de ceux qui seront dipl\u00f4m\u00e9s en ao\u00fbt de cette ann\u00e9e ?<\/p><p>R : Il faudra fournir une preuve de r\u00e9sultats provisoires.<\/p><p style=\"font-weight: bold; margin-top: 15px;\">Q : J\u2019attends actuellement ma remise de dipl\u00f4me en licence de sciences de laboratoire m\u00e9dical. Suis-je \u00e9ligible pour postuler ?<\/p><p>R : Si cela correspond au niveau 8 du NQF et que vous pouvez fournir une preuve de r\u00e9sultats provisoires, alors oui.<\/p><p style=\"font-weight: bold; margin-top: 15px;\">Q : Je n\u2019ai pas encore mon dipl\u00f4me d\u2019Honneurs, mais j\u2019ai le relev\u00e9 de notes acad\u00e9mique. Ma candidature sera-t-elle prise en compte ?<\/p><p>R : Vous pouvez demander \u00e0 votre \u00e9tablissement une lettre confirmant que le dipl\u00f4me vous a \u00e9t\u00e9 d\u00e9cern\u00e9, m\u00eame si vous ne poss\u00e9dez pas encore le certificat.<\/p><p style=\"font-weight: bold; border-bottom: 2px solid #000000; padding-bottom: 5px; font-size: 16px;\">3. STRUCTURE DU PROGRAMME DE MASTER (MSC)<\/p><p style=\"font-weight: bold; margin-top: 15px;\">Q : Quelle est la dur\u00e9e du Master (MSc) ?<\/p><p>R : Il s\u2019agit d\u2019un programme de Master de deux ans \u00e0 temps plein, bas\u00e9 sur la recherche.<\/p><p style=\"font-weight: bold; margin-top: 15px;\">Q : Dois-je proposer mon propre projet ?<\/p><p>R : Non. Un projet vous sera attribu\u00e9 en fonction des jeux de donn\u00e9es existants et des besoins de recherche. Il n\u2019est pas n\u00e9cessaire de proposer votre propre projet.<\/p><p style=\"font-weight: bold; margin-top: 15px;\">Q : Dois-je trouver un directeur de recherche moi-m\u00eame ?<\/p><p>R : Non, si vous \u00eates s\u00e9lectionn\u00e9(e) pour la bourse, un directeur de recherche vous sera attribu\u00e9.<\/p><p style=\"font-weight: bold; margin-top: 15px;\">Q : Que faire si vous avez des difficult\u00e9s \u00e0 joindre des fichiers au formulaire Google ?<\/p><p>R : Si vous rencontrez des difficult\u00e9s pour t\u00e9l\u00e9verser les pi\u00e8ces jointes, veuillez essayer l\u2019une des solutions sugg\u00e9r\u00e9es dans ce blog : <a href=\"https:\/\/www.exabytes.sg\/blog\/how-to-fix-google-forms-file-upload-failed\/\" target=\"_blank\" rel=\"noopener\">https:\/\/www.exabytes.sg\/blog\/how-to-fix-google-forms-file-upload-failed\/<\/a>.<\/p><p style=\"font-weight: bold; margin-top: 15px;\">Q : \u00c0 qui la lettre de recommandation doit-elle \u00eatre adress\u00e9e ?<\/p><p>R : Veuillez adresser la lettre de recommandation au comit\u00e9 de s\u00e9lection du programme de bourses African STARS.<\/p><p style=\"font-weight: bold; margin-top: 15px;\">Q : Y a-t-il des frais de candidature ?<\/p><p>R : Il n'y a pas de frais associ\u00e9s \u00e0 la demande de bourse.<\/p><p style=\"font-weight: bold; margin-top: 15px;\">Q : Puis-je postuler si j'ai une double nationalit\u00e9 ?<\/p><p>R : Les candidats ayant une double nationalit\u00e9 peuvent postuler. Cependant, la pr\u00e9f\u00e9rence sera donn\u00e9e aux candidats n\u00e9s et \/ ou r\u00e9sidents en Afrique et ayant un fort engagement \u00e0 rester en Afrique.<\/p><p style=\"font-weight: bold; border-bottom: 2px solid #000000; padding-bottom: 5px; font-size: 16px;\">4. S\u00c9LECTION ET NOTIFICATION<\/p><p style=\"font-weight: bold; margin-top: 15px;\">Q : Comment saurai-je si j\u2019ai \u00e9t\u00e9 accept\u00e9(e) ?<\/p><p>R : Les candidats pr\u00e9s\u00e9lectionn\u00e9s seront contact\u00e9s par e-mail dans les deux mois suivant la date limite de candidature. Seuls les candidats retenus seront inform\u00e9s.<\/p><p style=\"font-weight: bold; margin-top: 15px;\">Q : Que se passe-t-il si je suis s\u00e9lectionn\u00e9(e) pour la bourse mais pas accept\u00e9(e) \u00e0 l\u2019Universit\u00e9 de Stellenbosch (SU) ?<\/p><p>R : Vous devez \u00eatre accept\u00e9(e) dans le programme de Master (MSc) \u00e0 l\u2019Universit\u00e9 de Stellenbosch pour pouvoir b\u00e9n\u00e9ficier de la bourse. Les offres de bourse sont conditionn\u00e9es \u00e0 l\u2019admission universitaire.<\/p><p style=\"font-weight: bold; border-bottom: 2px solid #000000; padding-bottom: 5px; font-size: 16px;\">5. \u00c9VALUATION DES QUALIFICATIONS \u00c9TRANG\u00c8RES<\/p><p style=\"font-weight: bold; margin-top: 15px;\">Q : Pourquoi dois-je faire \u00e9valuer mes qualifications \u00e9trang\u00e8res pour les bourses de MBA et de MSc ?<\/p><p>R : Une \u00e9valuation par la South African Qualifications Authority (SAQA) est requise afin de garantir que vos qualifications \u00e9trang\u00e8res soient reconnues en Afrique du Sud pour l'emploi, la poursuite des \u00e9tudes ou l'enregistrement professionnel.<\/p><p style=\"font-weight: bold; margin-top: 15px;\">Q : Qui doit faire une demande d'\u00e9valuation aupr\u00e8s de la SAQA ?<\/p><p>R : Seuls les candidats accept\u00e9s dans les programmes de MBA et\/ou de MSc \u00e0 l'Universit\u00e9 de Stellenbosch devront faire une demande d'\u00e9valuation aupr\u00e8s de la SAQA.<\/p><p style=\"font-weight: bold; margin-top: 15px;\">Q : Combien de temps dure le processus d'\u00e9valuation de la SAQA ?<\/p><p>R : Le processus prend g\u00e9n\u00e9ralement entre 4 et 6 semaines, mais cela peut varier en fonction de la complexit\u00e9 de la qualification et de l'exhaustivit\u00e9 de votre demande.<\/p><p style=\"font-weight: bold; margin-top: 15px;\">Q : Combien co\u00fbte la demande d'\u00e9valuation aupr\u00e8s de la SAQA ?<\/p><p>R : Les frais varient en fonction du type d'\u00e9valuation. \u00c0 partir de 2025, le co\u00fbt est d'environ 668 R pour une \u00e9valuation standard d'un dossier universitaire. Veuillez consulter le site Web de la SAQA pour conna\u00eetre les frais actuels <a href=\"https:\/\/www.saqa.org.za\/services\/evaluation-of-foreign-qualifications\/\" target=\"_blank\" rel=\"noopener\">https:\/\/www.saqa.org.za\/services\/evaluation-of-foreign-qualifications\/<\/a>.<\/p><p style=\"font-weight: bold; margin-top: 15px;\">Q : Quels documents sont requis pour l'\u00e9valuation de la SAQA ?<\/p><p>R : Vous avez g\u00e9n\u00e9ralement besoin de :<\/p><ul><li>Copies certifi\u00e9es conformes de vos qualifications (certificats, dipl\u00f4mes, dipl\u00f4mes universitaires)<\/li><li>Relev\u00e9s de notes acad\u00e9miques<\/li><li>Une copie certifi\u00e9e conforme de votre pi\u00e8ce d\u2019identit\u00e9 ou de votre passeport.<\/li><li>Un formulaire de candidature d\u00fbment rempli.<\/li><li>Preuve de paiement des frais d'\u00e9valuation.<\/li><\/ul><p style=\"font-weight: bold; margin-top: 15px;\">Q : Puis-je postuler pour une \u00e9valuation SAQA si je ne suis pas en Afrique du Sud ?<\/p><p>R : Oui, vous pouvez postuler depuis l'\u00e9tranger. La SAQA accepte les candidatures en ligne et vous pouvez t\u00e9l\u00e9charger des copies certifi\u00e9es de vos documents.<\/p><p style=\"font-weight: bold; margin-top: 15px;\">Q : Que se passe-t-il si mes qualifications ne sont pas reconnues par la SAQA ?<\/p><p>R : La SAQA vous informera si votre qualification ne r\u00e9pond pas aux normes sud-africaines. Vous devrez peut-\u00eatre fournir des documents suppl\u00e9mentaires ou poursuivre des \u00e9tudes compl\u00e9mentaires pour r\u00e9pondre aux exigences.<\/p><p style=\"font-weight: bold; margin-top: 15px;\">Q : Dois-je postuler pour la SAQA si je postule \u00e0 la bourse ATT ou YPP ?<\/p><p>R : Non, vous n'avez pas besoin de postuler pour la SAQA si vous postulez aux bourses Advanced Translational Training (ATT) ou Young Professionals Program (YPP).<\/p><p style=\"font-weight: bold; border-bottom: 2px solid #000000; padding-bottom: 5px; font-size: 16px;\">6. FINANCEMENT ET SOUTIEN<\/p><p style=\"font-weight: bold; margin-top: 15px;\">Q : La bourse est-elle attribu\u00e9e en fonction des besoins financiers ou du m\u00e9rite acad\u00e9mique ?<\/p><p>R : Il s\u2019agit d\u2019une bourse fond\u00e9e sur le m\u00e9rite. Les besoins financiers ne constituent pas un crit\u00e8re principal.<\/p><p style=\"font-weight: bold; margin-top: 15px;\">Q : Que couvre la bourse ?<\/p><p>R : La bourse couvre les frais de scolarit\u00e9, l\u2019h\u00e9bergement, une allocation de subsistance, l\u2019assurance sant\u00e9, les frais de voyage et les d\u00e9penses li\u00e9es \u00e0 la recherche.<\/p><p style=\"font-weight: bold; margin-top: 15px;\">Q : Puis-je financer moi-m\u00eame mes \u00e9tudes si je ne suis pas s\u00e9lectionn\u00e9(e) ?<\/p><p>R : Oui, vous pouvez postuler au Master (MSc) aupr\u00e8s de l\u2019Universit\u00e9 de Stellenbosch (SU).<\/p><p style=\"font-weight: bold; margin-top: 15px;\">Q : La bourse couvre-t-elle les frais de voyage et d'h\u00e9bergement ?<\/p><p>R : Oui, les boursiers s\u00e9lectionn\u00e9s recevront un financement complet, comprenant les frais de voyage (c\u2019est-\u00e0-dire un billet aller-retour en classe \u00e9conomique depuis leur pays de r\u00e9sidence en Afrique), l\u2019h\u00e9bergement et une allocation pour couvrir les frais de subsistance pendant la p\u00e9riode de formation.<\/p><p style=\"font-weight: bold; margin-top: 15px;\">Q : Existe-t-il un soutien financier pour les demandes de visa ?<\/p><p>R : Oui, le programme offre un soutien pour les demandes de visa des boursiers s\u00e9lectionn\u00e9s. Une lettre d'invitation sera fournie pour faciliter la demande de visa. Les boursiers seront responsables de faire la demande et de payer le visa dans leur pays d'origine. Les frais de demande de visa seront rembours\u00e9s sous r\u00e9serve de la pr\u00e9sentation de re\u00e7us valides. Veuillez noter que seuls les frais de demande seront couverts. Les frais de d\u00e9placement pour se rendre aux bureaux de visa ne seront pas rembours\u00e9s.<\/p><p style=\"font-weight: bold; margin-top: 15px;\">Q : Aurai-je besoin d'une assurance sant\u00e9 pendant la bourse et est-elle \u00e9galement couverte ?<\/p><p>R : Tous les boursiers b\u00e9n\u00e9ficieront d'une assurance m\u00e9dicale pour la dur\u00e9e de la bourse et seront aid\u00e9s dans la demande de couverture d'assurance avant le d\u00e9but de leur bourse.<\/p><p style=\"font-weight: bold; margin-top: 15px;\">Q : La bourse inclut-elle un soutien pour la garde d'enfants ?<\/p><p>R : Aucun soutien pour la garde familiale ne sera fourni pour les bourses ATT et YPP. Cependant, pour les bourses de plus longue dur\u00e9e (MBA et MSc), un certain soutien peut \u00eatre accord\u00e9 pour la garde d'enfants. Les demandes de soutien \u00e0 la garde d'enfants seront examin\u00e9es au cas par cas.<\/p><p style=\"font-weight: bold; margin-top: 15px;\">Q : Dois-je apporter mon propre ordinateur portable ou \u00e9quipement ?<\/p><p>R : Il est conseill\u00e9 d\u2019apporter votre propre ordinateur portable. Les boursiers de longue dur\u00e9e (plus de 12 mois) recevront un ordinateur portable, si n\u00e9cessaire.<\/p><p style=\"font-weight: bold; margin-top: 15px;\">Q : Puis-je prolonger ma bourse si j'ai besoin de plus de temps pour terminer mon projet de MBA ou de MSc ?<\/p><p>R : Les projets doivent \u00eatre achev\u00e9s pendant la dur\u00e9e de la bourse. Dans des circonstances exceptionnelles, une prolongation peut \u00eatre envisag\u00e9e, mais elle devra \u00e9galement respecter les r\u00e8gles et r\u00e8glements de l\u2019Universit\u00e9 de Stellenbosch en mati\u00e8re de formation dipl\u00f4mante.<\/p><p style=\"font-weight: bold; border-bottom: 2px solid #000000; padding-bottom: 5px; font-size: 16px;\">7. OPPORTUNIT\u00c9S APR\u00c8S LA BOURSE<\/p><p style=\"font-weight: bold; margin-top: 15px;\">Q : Recevrai-je un certificat \u00e0 la fin de la bourse ?<\/p><p>R : Oui, tous les boursiers qui terminent avec succ\u00e8s les programmes ATT et YPP recevront un certificat de fin de formation d\u00e9livr\u00e9 par le CERI et l\u2019IPD. Les boursiers qui terminent avec succ\u00e8s le MSc ou le MBA recevront un dipl\u00f4me de l\u2019Universit\u00e9 de Stellenbosch.<\/p><p style=\"font-weight: bold; margin-top: 15px;\">Q : Que se passe-t-il apr\u00e8s la bourse ?<\/p><p>R : Les boursiers rejoindront le r\u00e9seau des anciens African STARS, auront acc\u00e8s \u00e0 des opportunit\u00e9s de d\u00e9veloppement de carri\u00e8re et b\u00e9n\u00e9ficieront d\u2019un mentorat et d\u2019un soutien continus tout au long de leur parcours professionnel. Ils sont encourag\u00e9s \u00e0 contribuer au leadership scientifique et aux efforts de r\u00e9ponse aux \u00e9pid\u00e9mies dans leurs pays d\u2019origine.<\/p><p style=\"font-weight: bold; border-bottom: 2px solid #000000; padding-bottom: 5px; font-size: 16px;\">7. AUTRES QUESTIONS<\/p><p style=\"font-weight: bold; margin-top: 15px;\">Q : Puis-je postuler si je suis actuellement inscrit \u00e0 un programme de doctorat ou de master ?<\/p><p>R : Oui, mais vous devez fournir une preuve de votre capacit\u00e9 \u00e0 suivre la bourse sans interf\u00e9rer avec vos engagements acad\u00e9miques.<\/p><p style=\"font-weight: bold; margin-top: 15px;\">Q : Puis-je postuler si je suis actuellement employ\u00e9 ?<\/p><p>R : Oui, mais il s'agit d'un programme de formation en pr\u00e9sentiel, et les participants devront s'engager pour toute la dur\u00e9e de la formation. Si vous \u00eates employ\u00e9, vous devrez fournir une preuve que votre employeur vous autorise \u00e0 participer \u00e0 la bourse sans que cela n'interf\u00e8re avec vos engagements professionnels.<\/p><p style=\"font-weight: bold; margin-top: 15px;\">Q : Puis-je postuler si j'ai d\u00e9j\u00e0 particip\u00e9 \u00e0 une bourse Genomics Africa ou \u00e0 un programme similaire ?<\/p><p>R : Oui, mais la priorit\u00e9 sera donn\u00e9e aux nouveaux candidats qui remplissent les crit\u00e8res d'\u00e9ligibilit\u00e9.<\/p><p style=\"font-weight: bold; margin-top: 15px;\">Q : Puis-je postuler \u00e0 plusieurs programmes de bourses en m\u00eame temps ?<\/p><p>R : Il est possible de postuler \u00e0 plusieurs bourses en m\u00eame temps. Il incombe au boursier de s'assurer qu'il respecte les conditions de toutes les bourses qu'il re\u00e7oit.<\/p><p style=\"font-weight: bold; margin-top: 15px;\">Q : Puis-je travailler ou \u00e9tudier tout en participant \u00e0 la bourse ?<\/p><p>R : Il peut \u00eatre possible de participer \u00e0 certains types de bourses (par exemple, ATT, YPP, MSc, MBA) tout en \u00e9tudiant ou en travaillant. Cependant, toutes les bourses n\u00e9cessiteront une pr\u00e9sence en personne. Par cons\u00e9quent, il incombe au boursier d'obtenir l'autorisation requise de son universit\u00e9 ou employeur pour s'absenter de ses \u00e9tudes ou de son emploi afin de participer \u00e0 la bourse. Il ne sera pas possible d'\u00e9tudier ou de travailler tout en suivant le programme de MSc, car il s'agit d'un dipl\u00f4me en pr\u00e9sentiel \u00e0 temps plein.<\/p><p style=\"font-weight: bold; margin-top: 15px;\">Q : O\u00f9 vais-je s\u00e9journer pendant la bourse ?<\/p><p>R : Un h\u00e9bergement appropri\u00e9 sera pr\u00e9vu pour toute la dur\u00e9e de la bourse.<\/p><p style=\"font-weight: bold; margin-top: 15px;\">Q : Puis-je emmener ma famille avec moi ?<\/p><p>R : Il est possible d\u2019emmener des membres de votre famille avec vous. Cependant, le boursier sera responsable de tous les frais de voyage, de visa et d'h\u00e9bergement pour sa famille.<\/p><p style=\"font-weight: bold; margin-top: 15px;\">Q : Les personnes en situation de handicap peuvent-elles participer ?<\/p><p>R : Oui. Les candidats devront indiquer s'ils ont un handicap dans leur candidature. Toute information recueillie sur le handicap est uniquement destin\u00e9e \u00e0 des fins de planification afin de nous assurer que nous sommes en mesure d'accommoder les circonstances sp\u00e9cifiques.<\/p><p style=\"font-weight: bold; margin-top: 15px;\">Q : Dois-je retourner dans mon pays d'origine apr\u00e8s la bourse ?<\/p><p>R : Oui. Les candidats ayant un fort engagement \u00e0 rester en Afrique apr\u00e8s leur bourse seront prioritaires.<\/p><p style=\"font-weight: bold; margin-top: 15px;\">Q : Qui dois-je contacter pour toute demande de renseignements suppl\u00e9mentaires ?<\/p><p>R : Pour toute question suppl\u00e9mentaire, veuillez envoyer un e-mail \u00e0 <a href=\"mailto:starsfellows@sun.ac.za\">starsfellows@sun.ac.za<\/a>.<\/p><p style=\"font-weight: bold; margin-top: 15px;\">Q : Si je postule \u00e0 l'un des quatre programmes et que ma candidature est accept\u00e9e, serai-je toujours \u00e9ligible pour postuler aux autres programmes ? Par exemple, si je suis s\u00e9lectionn\u00e9 pour le programme ATT, serai-je toujours \u00e9ligible pour postuler au MBA ?<\/p><p>R : Oui, vous pouvez toujours postuler aux autres programmes. Cependant, certains programmes se d\u00e9rouleront en m\u00eame temps, et il ne sera pas possible de participer \u00e0 deux programmes simultan\u00e9ment.<\/p><p><img fetchpriority=\"high\" decoding=\"async\" class=\"size-large wp-image-1455 aligncenter\" src=\"https:\/\/www.starsfellows.africa\/wp-content\/uploads\/2025\/06\/faq_master-1024x524.jpg\" alt=\"\" width=\"1024\" height=\"524\" srcset=\"https:\/\/www.starsfellows.africa\/wp-content\/uploads\/2025\/06\/faq_master-1024x524.jpg 1024w, https:\/\/www.starsfellows.africa\/wp-content\/uploads\/2025\/06\/faq_master-300x153.jpg 300w, https:\/\/www.starsfellows.africa\/wp-content\/uploads\/2025\/06\/faq_master-768x393.jpg 768w, https:\/\/www.starsfellows.africa\/wp-content\/uploads\/2025\/06\/faq_master-18x9.jpg 18w, https:\/\/www.starsfellows.africa\/wp-content\/uploads\/2025\/06\/faq_master-600x307.jpg 600w, https:\/\/www.starsfellows.africa\/wp-content\/uploads\/2025\/06\/faq_master.jpg 1048w\" sizes=\"(max-width: 1024px) 100vw, 1024px\" \/><\/p>\t\t\t\t\t\t\t\t<\/div>\n\t\t\t\t<\/div>\n\t\t\t\t\t<\/div>\n\t\t\t\t<\/div>\n\t\t\t\t<\/div>","protected":false},"excerpt":{"rendered":"<p>1. GENERAL INFORMATION Q: What is the African STARS Fellowship Programme? A: The African STARS Fellowship Programme is a training initiative led by the Centre for Epidemic Response and Innovation (CERI) at Stellenbosch University and the Institut Pasteur de Dakar (IPD) in partnership with the Mastercard Foundation. This Programme aims to build African expertise in [&hellip;]<\/p>\n","protected":false},"author":1,"featured_media":0,"parent":0,"menu_order":0,"comment_status":"closed","ping_status":"closed","template":"","meta":{"cybocfi_hide_featured_image":"","footnotes":""},"class_list":["post-1451","page","type-page","status-publish","hentry"],"_links":{"self":[{"href":"https:\/\/www.starsfellows.africa\/fr\/wp-json\/wp\/v2\/pages\/1451","targetHints":{"allow":["GET"]}}],"collection":[{"href":"https:\/\/www.starsfellows.africa\/fr\/wp-json\/wp\/v2\/pages"}],"about":[{"href":"https:\/\/www.starsfellows.africa\/fr\/wp-json\/wp\/v2\/types\/page"}],"author":[{"embeddable":true,"href":"https:\/\/www.starsfellows.africa\/fr\/wp-json\/wp\/v2\/users\/1"}],"replies":[{"embeddable":true,"href":"https:\/\/www.starsfellows.africa\/fr\/wp-json\/wp\/v2\/comments?post=1451"}],"version-history":[{"count":16,"href":"https:\/\/www.starsfellows.africa\/fr\/wp-json\/wp\/v2\/pages\/1451\/revisions"}],"predecessor-version":[{"id":1510,"href":"https:\/\/www.starsfellows.africa\/fr\/wp-json\/wp\/v2\/pages\/1451\/revisions\/1510"}],"wp:attachment":[{"href":"https:\/\/www.starsfellows.africa\/fr\/wp-json\/wp\/v2\/media?parent=1451"}],"curies":[{"name":"wp","href":"https:\/\/api.w.org\/{rel}","templated":true}]}}