{"id":1267,"date":"2025-02-27T11:12:42","date_gmt":"2025-02-27T11:12:42","guid":{"rendered":"https:\/\/www.starsfellows.africa\/?page_id=1267"},"modified":"2025-12-19T08:28:44","modified_gmt":"2025-12-19T08:28:44","slug":"faqs_programe","status":"publish","type":"page","link":"https:\/\/www.starsfellows.africa\/fr\/faqs_programe\/","title":{"rendered":"Questions Fr\u00e9quemment Pos\u00e9es (FAQs) \u2013 Programme de Bourse African STARS"},"content":{"rendered":"<div data-elementor-type=\"wp-page\" data-elementor-id=\"1267\" class=\"elementor elementor-1267\" data-elementor-post-type=\"page\">\n\t\t\t\t<div class=\"elementor-element elementor-element-9335b9c e-flex e-con-boxed e-con e-parent\" data-id=\"9335b9c\" data-element_type=\"container\" data-e-type=\"container\" data-settings=\"{&quot;jet_parallax_layout_list&quot;:[]}\">\n\t\t\t\t\t<div class=\"e-con-inner\">\n\t\t\t\t<div class=\"elementor-element elementor-element-cfbc93f elementor-widget elementor-widget-text-editor\" data-id=\"cfbc93f\" data-element_type=\"widget\" data-e-type=\"widget\" data-widget_type=\"text-editor.default\">\n\t\t\t\t<div class=\"elementor-widget-container\">\n\t\t\t\t\t\t\t\t\t<p style=\"font-weight: bold; border-bottom: 2px solid #000000; padding-bottom: 5px; font-size: 16px;\">1. INFORMATIONS G\u00c9N\u00c9RALES<\/p><p style=\"font-weight: bold; margin-top: 15px;\">Q : Qu'est-ce que le programme de bourse African STARS ?<\/p><p>R : Le programme de bourse African STARS est une initiative de formation dirig\u00e9e par le Centre for Epidemic Response and Innovation (CERI) de l'Universit\u00e9 de Stellenbosch et l'Institut Pasteur de Dakar (IPD). Il vise \u00e0 d\u00e9velopper l'expertise africaine en g\u00e9nomique, en diagnostic et en conception de vaccins, tout en \u00e9largissant les opportunit\u00e9s d'emploi pour les jeunes scientifiques en Afrique.<\/p><p style=\"font-weight: bold; margin-top: 15px;\">Q : Qui est \u00e9ligible pour postuler \u00e0 la bourse ?<\/p><p>R : Les candidats doivent \u00eatre citoyens africains et\/ou r\u00e9sider en Afrique, \u00eatre \u00e2g\u00e9s de 35 ans ou moins au d\u00e9but de la bourse, et avoir une formation en g\u00e9nomique, diagnostic, conception de vaccins, \u00e9conomie ou biotechnologie. Ils doivent d\u00e9tenir au moins un dipl\u00f4me de licence, mais un Master (MSc) ou un doctorat (PhD) peut \u00eatre un atout.<\/p><p style=\"font-weight: bold; margin-top: 15px;\">Q: How many fellows will be selected for the first cohort starting in 2026?<\/p><p>A: African STARS Fellowship Programme will include <strong>40 boursiers :<\/strong> 20 dans le <strong>Bourse de formation avanc\u00e9e et translationnelle (ATT)<\/strong> et 20 dans le <strong>Bourse du programme Young Professional Programme (YPP)<\/strong>.<\/p><p style=\"font-weight: bold; margin-top: 15px;\">Q : Qui finance la formation ?<\/p><p>R : Les bourses pour cette formation sont soutenues par la Mastercard Foundation.<\/p><p style=\"font-weight: bold; border-bottom: 2px solid #000000; padding-bottom: 5px; font-size: 16px;\">2. PROCESSUS DE CANDIDATURE<\/p><p style=\"font-weight: bold; margin-top: 15px;\">Q : Comment postuler pour la bourse ?<\/p><p>R : Les candidats doivent remplir le formulaire de demande en ligne officiel et soumettre tous les documents requis (CV et lettre de recommandation). Aucune candidature envoy\u00e9e par e-mail ou en version papier ne sera prise en compte.<\/p><p>Apply here:https:\/\/www.starsfellows.africa\/applyattypp\/<\/p><p>\u00a0<\/p><p style=\"font-weight: bold; margin-top: 15px;\">Q : Quelle est la date limite de candidature ?<\/p><p>R : La date limite pour les candidatures est \u00e0 la fin de la journ\u00e9e le <strong>31 January 2026<\/strong>\u00a0(00h00 GMT). Les candidatures tardives ou incompl\u00e8tes ne seront pas prises en compte.<\/p><p style=\"font-weight: bold; margin-top: 15px;\">Q : Quels documents justificatifs dois-je soumettre ?<\/p><p>R : Vous devez fournir :<\/p><ul><li><strong>Un Curriculum Vitae (CV)<\/strong> (Please use the CV provided)<\/li><li><strong>Une lettre de recommandation<\/strong> (r\u00e9f\u00e9rent acad\u00e9mique\/professionnel)<\/li><li>You will also be required to upload a brief <strong>vid\u00e9o<\/strong> pour pr\u00e9senter une id\u00e9e de recherche\/projet novatrice<\/li><li><strong><u>Si s\u00e9lectionn\u00e9<\/u><\/strong> Si vous \u00eates s\u00e9lectionn\u00e9 pour la bourse, vous devrez fournir une copie certifi\u00e9e de vos qualifications.<\/li><li><strong><u>Si s\u00e9lectionn\u00e9<\/u><\/strong> Pour les programmes de dipl\u00f4me (MSc ou MBA), vous devrez faire \u00e9valuer vos qualifications par la SAQA (voir la section \u00c9valuation des qualifications \u00e9trang\u00e8res).<\/li><\/ul><p style=\"font-weight: bold; margin-top: 15px;\">Q : Que faire si vous avez des difficult\u00e9s \u00e0 joindre des fichiers au formulaire Google ?<\/p><p>R : Si vous rencontrez des difficult\u00e9s pour t\u00e9l\u00e9charger des pi\u00e8ces jointes, veuillez essayer l'une des solutions sugg\u00e9r\u00e9es dans ce blog. Le lien du blog est : <a href=\"https:\/\/www.exabytes.sg\/blog\/how-to-fix-google-forms-file-upload-failed\/\" target=\"_blank\" rel=\"noopener\">https:\/\/www.exabytes.sg\/blog\/how-to-fix-google-forms-file-upload-failed\/<\/a>.<\/p><p style=\"font-weight: bold; margin-top: 15px;\">Q : \u00c0 qui la lettre de recommandation doit-elle \u00eatre adress\u00e9e ?<\/p><p>R : Veuillez adresser la lettre de recommandation au comit\u00e9 de s\u00e9lection du programme de bourses African STARS.<\/p><p style=\"font-weight: bold; margin-top: 15px;\">Q : Qui doit signer la lettre de recommandation ?<\/p><p>R : La lettre de recommandation doit \u00eatre r\u00e9dig\u00e9e par votre superviseur, responsable hi\u00e9rarchique ou chef de d\u00e9partement.<\/p><p style=\"font-weight: bold; margin-top: 15px;\">Q : Que doit contenir la lettre de recommandation ?<\/p><p>R : La lettre de recommandation doit mettre en \u00e9vidence les avantages que la formation vous apportera en tant qu'individu. Si vous \u00eates s\u00e9lectionn\u00e9 pour la bourse, nous pourrions \u00e9galement exiger une lettre de votre employeur \/ superviseur confirmant qu'ils soutiennent votre absence du travail \/ des \u00e9tudes.<\/p><p style=\"font-weight: bold; margin-top: 15px;\">Q : Quand les candidats seront-ils inform\u00e9s de leur candidature ?<\/p><p>R : La date limite de soumission des candidatures est <strong>31 January 2026<\/strong>A : Aucune candidature tardive ne sera accept\u00e9e. Toutes les candidatures seront \u00e9valu\u00e9es et les candidatures les mieux class\u00e9es seront pr\u00e9s\u00e9lectionn\u00e9es. Les candidats retenus seront inform\u00e9s dans les 2 mois suivant la date limite de soumission.<\/p><p style=\"font-weight: bold; margin-top: 15px;\">Q : Y a-t-il des frais de candidature ?<\/p><p>R : Il n'y a pas de frais associ\u00e9s \u00e0 la demande de bourse.<\/p><p style=\"font-weight: bold; margin-top: 15px;\">Q : Puis-je postuler m\u00eame si je suis actuellement inscrit \u00e0 l'universit\u00e9 ?<\/p><p>R : Oui. Vous pouvez postuler pour la bourse, mais vous devez obtenir l'autorisation de votre superviseur et de votre institution pour participer au programme de bourse.<\/p><p style=\"font-weight: bold; margin-top: 15px;\">Q : Puis-je postuler si j'ai une double nationalit\u00e9 ?<\/p><p>R : Les candidats ayant une double nationalit\u00e9 peuvent postuler. Cependant, la pr\u00e9f\u00e9rence sera donn\u00e9e aux candidats n\u00e9s et \/ ou r\u00e9sidents en Afrique et ayant un fort engagement \u00e0 rester en Afrique.<\/p><p style=\"font-weight: bold; border-bottom: 2px solid #000000; padding-bottom: 5px; font-size: 16px;\">3. PISTES DE BOURSES ET FORMATION<\/p><p style=\"font-weight: bold; margin-top: 15px;\">Q : Quelle est la diff\u00e9rence entre les bourses ATT et YPP ?<\/p><p>R :<\/p><ul><li><strong>Bourse de formation avanc\u00e9e et translationnelle (ATT) (4-6 mois) :<\/strong> Se concentre sur la g\u00e9nomique avanc\u00e9e pour l'analyse de la sant\u00e9 publique, la conception de diagnostics g\u00e9nomiques et la fabrication de vaccins.<\/li><li><strong>Bourse du programme Young Professional Programme (YPP) (12 mois) :<\/strong> Se concentre sur l'innovation biotechnologique et l'entrepreneuriat, avec des stages en entreprise.<\/li><\/ul><p style=\"font-weight: bold; margin-top: 15px;\">Q : O\u00f9 se d\u00e9roulera la formation ?<\/p><p>R : Il s'agit d'une formation en personne et les stagiaires devront s'engager \u00e0 suivre l'int\u00e9gralit\u00e9 de la p\u00e9riode de formation. La formation aura lieu soit :<\/p><ul><li><strong>Centre for Epidemic Response and Innovation (CERI), Universit\u00e9 de Stellenbosch (Afrique du Sud)<\/strong><\/li><li><strong>and CARE at Institut Pasteur de Dakar (Senegal)<\/strong><\/li><\/ul><p>Les boursiers peuvent indiquer leur <strong>site de formation pr\u00e9f\u00e9r\u00e9<\/strong> in the application.<\/p><p>Fellows participating in the YPP Fellowship will also spend part of their fellowship with an industry or company.<\/p><p style=\"font-weight: bold; margin-top: 15px;\">Q : Que ferai-je pendant la bourse ?<\/p><p>R : Le boursier s'engagera dans un programme structur\u00e9 tout au long de sa bourse.<\/p><p style=\"font-weight: bold; margin-top: 15px;\">Q : La bourse est-elle \u00e0 temps partiel ou \u00e0 temps plein ?<\/p><p>R : La bourse ATT dure de 4 \u00e0 6 mois, la bourse YPP dure 12 mois et les bourses MSc et MBA durent 2 ans. Les bourses ATT, YPP et MSc sont \u00e0 temps plein. Le MBA est un programme \u00e0 temps partiel.<\/p><p style=\"font-weight: bold; margin-top: 15px;\">Q : Y a-t-il des opportunit\u00e9s de r\u00e9seautage pendant la bourse ?<\/p><p>R : Oui. Les boursiers rejoindront le <strong>African STARS Alumni Network<\/strong>, auront acc\u00e8s \u00e0 des opportunit\u00e9s de d\u00e9veloppement de carri\u00e8re et b\u00e9n\u00e9ficieront d'un mentorat continu et de soutien dans leur parcours professionnel. Ils sont encourag\u00e9s \u00e0 contribuer au leadership scientifique et aux efforts de r\u00e9ponse aux \u00e9pid\u00e9mies dans leurs pays d'origine. Les boursiers participant aux bourses YPP auront \u00e9galement des opportunit\u00e9s de r\u00e9seautage avec des partenaires industriels.<\/p><p style=\"font-weight: bold; margin-top: 15px;\">Q : Quand suis-je cens\u00e9 commencer la bourse ?<\/p><p>R : Les bourses ATT et YPP commenceront en juillet-ao\u00fbt. Il y aura deux sessions, une en 2025 et une en 2026. Les bourses MSc et MBA commenceront au premier trimestre de 2026 et la dur\u00e9e de ces dipl\u00f4mes est de 2 ans.<\/p><p style=\"font-weight: bold; margin-top: 15px;\">Q : Dans quelle langue la formation sera-t-elle dispens\u00e9e ?<\/p><p>R : La formation sera dispens\u00e9e en <strong>Anglais ou Fran\u00e7ais<\/strong>. Les candidats doivent indiquer leur pr\u00e9f\u00e9rence linguistique dans le formulaire de candidature. Les bourses prises en Afrique du Sud seront offertes uniquement en anglais.<\/p><p style=\"font-weight: bold; border-bottom: 2px solid #000000; padding-bottom: 5px; font-size: 16px;\">4. \u00c9VALUATION DES QUALIFICATIONS \u00c9TRANG\u00c8RES<\/p><p style=\"font-weight: bold; margin-top: 15px;\">Q : Pourquoi dois-je faire \u00e9valuer mes qualifications \u00e9trang\u00e8res pour les bourses de MBA et de MSc ?<\/p><p>R : Une \u00e9valuation par la South African Qualifications Authority (SAQA) est requise afin de garantir que vos qualifications \u00e9trang\u00e8res soient reconnues en Afrique du Sud pour l'emploi, la poursuite des \u00e9tudes ou l'enregistrement professionnel.<\/p><p style=\"font-weight: bold; margin-top: 15px;\">Q : Qui doit faire une demande d'\u00e9valuation aupr\u00e8s de la SAQA ?<\/p><p>R : Seuls les candidats accept\u00e9s dans les programmes de MBA et\/ou de MSc \u00e0 l'Universit\u00e9 de Stellenbosch devront faire une demande d'\u00e9valuation aupr\u00e8s de la SAQA.<\/p><p style=\"font-weight: bold; margin-top: 15px;\">Q : Combien de temps dure le processus d'\u00e9valuation de la SAQA ?<\/p><p>R : Le processus prend g\u00e9n\u00e9ralement entre 4 et 6 semaines, mais cela peut varier en fonction de la complexit\u00e9 de la qualification et de l'exhaustivit\u00e9 de votre demande.<\/p><p style=\"font-weight: bold; margin-top: 15px;\">Q : Combien co\u00fbte la demande d'\u00e9valuation aupr\u00e8s de la SAQA ?<\/p><p>R : Les frais varient en fonction du type d'\u00e9valuation. \u00c0 partir de 2025, le co\u00fbt est d'environ 668 R pour une \u00e9valuation standard d'un dossier universitaire. Veuillez consulter le site Web de la SAQA pour conna\u00eetre les frais actuels <a href=\"https:\/\/www.saqa.org.za\/services\/evaluation-of-foreign-qualifications\/\" target=\"_blank\" rel=\"noopener\">https:\/\/www.saqa.org.za\/services\/evaluation-of-foreign-qualifications\/<\/a><\/p><p style=\"font-weight: bold; margin-top: 15px;\">Q : Quels documents sont requis pour l'\u00e9valuation de la SAQA ?<\/p><p>R : Vous avez g\u00e9n\u00e9ralement besoin de :<\/p><ul><li>Copies certifi\u00e9es conformes de vos qualifications (certificats, dipl\u00f4mes, dipl\u00f4mes universitaires)<\/li><li>Relev\u00e9s de notes acad\u00e9miques<\/li><li>Une copie certifi\u00e9e de votre pi\u00e8ce d'identit\u00e9 ou passeport<\/li><li>Un formulaire de demande d\u00fbment rempli<\/li><li>Preuve de paiement des frais d'\u00e9valuation.<\/li><\/ul><p style=\"font-weight: bold; margin-top: 15px;\">Q : Puis-je postuler pour une \u00e9valuation SAQA si je ne suis pas en Afrique du Sud ?<\/p><p>R : Oui, vous pouvez postuler depuis l'\u00e9tranger. La SAQA accepte les candidatures en ligne et vous pouvez t\u00e9l\u00e9charger des copies certifi\u00e9es de vos documents.<\/p><p style=\"font-weight: bold; margin-top: 15px;\">Q : Que se passe-t-il si mes qualifications ne sont pas reconnues par la SAQA ?<\/p><p>R : La SAQA vous informera si votre qualification ne r\u00e9pond pas aux normes sud-africaines. Vous devrez peut-\u00eatre fournir des documents suppl\u00e9mentaires ou poursuivre des \u00e9tudes compl\u00e9mentaires pour r\u00e9pondre aux exigences.<\/p><p style=\"font-weight: bold; margin-top: 15px;\">Q : Dois-je postuler pour la SAQA si je postule \u00e0 la bourse ATT ou YPP ?<\/p><p>R : Non, vous n'avez pas besoin de postuler pour la SAQA si vous postulez aux bourses Advanced Translational Training (ATT) ou Young Professionals Program (YPP).<\/p><p style=\"font-weight: bold; border-bottom: 2px solid #000000; padding-bottom: 5px; font-size: 16px;\">5. FINANCEMENT ET SOUTIEN<\/p><p style=\"font-weight: bold; margin-top: 15px;\">Q : La bourse couvre-t-elle les frais de voyage et d'h\u00e9bergement ?<\/p><p>R : Oui, les boursiers s\u00e9lectionn\u00e9s recevront <strong>financement complet<\/strong>, qui comprend le voyage (c'est-\u00e0-dire un billet aller-retour en classe \u00e9conomique depuis votre pays de r\u00e9sidence en Afrique), l'h\u00e9bergement et une allocation pour couvrir les frais de subsistance pendant la p\u00e9riode de formation.<\/p><p style=\"font-weight: bold; margin-top: 15px;\">Q : Existe-t-il un soutien financier pour les demandes de visa ?<\/p><p>R : Oui, le programme offre un soutien pour les demandes de visa des boursiers s\u00e9lectionn\u00e9s. Une lettre d'invitation sera fournie pour faciliter la demande de visa. Les boursiers seront responsables de faire la demande et de payer le visa dans leur pays d'origine. Les frais de demande de visa seront rembours\u00e9s sous r\u00e9serve de la pr\u00e9sentation de re\u00e7us valides. Veuillez noter que seuls les frais de demande seront couverts. Les frais de d\u00e9placement pour se rendre aux bureaux de visa ne seront pas rembours\u00e9s.<\/p><p style=\"font-weight: bold; margin-top: 15px;\">Q : Aurai-je besoin d'une assurance sant\u00e9 pendant la bourse et est-elle \u00e9galement couverte ?<\/p><p>R : Tous les boursiers b\u00e9n\u00e9ficieront d'une assurance m\u00e9dicale pour la dur\u00e9e de la bourse et seront aid\u00e9s dans la demande de couverture d'assurance avant le d\u00e9but de leur bourse.<\/p><p style=\"font-weight: bold; margin-top: 15px;\">Q : La bourse inclut-elle un soutien pour la garde d'enfants ?<\/p><p>R : Aucun soutien pour la garde familiale ne sera fourni pour les bourses ATT et YPP. Cependant, pour les bourses de plus longue dur\u00e9e (MBA et MSc), un certain soutien peut \u00eatre accord\u00e9 pour la garde d'enfants. Les demandes de soutien \u00e0 la garde d'enfants seront examin\u00e9es au cas par cas.<\/p><p style=\"font-weight: bold; margin-top: 15px;\">Q : Dois-je apporter mon propre ordinateur portable ou \u00e9quipement ?<\/p><p>Il est recommand\u00e9 d'apporter votre propre ordinateur portable. Les bourses de longue dur\u00e9e (&gt;12 mois) fourniront un ordinateur portable si n\u00e9cessaire.<\/p><p style=\"font-weight: bold; margin-top: 15px;\">Q : Puis-je prolonger ma bourse si j'ai besoin de plus de temps pour terminer mon projet de MBA ou de MSc ?<\/p><p>Les projets doivent \u00eatre termin\u00e9s pendant la dur\u00e9e de la bourse. Dans des circonstances exceptionnelles, une prolongation peut \u00eatre possible, mais elle devra \u00e9galement respecter les r\u00e8gles et r\u00e8glements de l'Universit\u00e9 de Stellenbosch pour la formation dipl\u00f4mante.<\/p><p style=\"font-weight: bold; border-bottom: 2px solid #000000; padding-bottom: 5px; font-size: 16px;\">6. OPPORTUNIT\u00c9S APR\u00c8S LA BOURSE<\/p><p style=\"font-weight: bold; margin-top: 15px;\">Q : Recevrai-je un certificat \u00e0 la fin de la bourse ?<\/p><p>R : Oui, tous les boursiers qui compl\u00e8tent avec succ\u00e8s les programmes ATT et YPP recevront un <strong>certificat de r\u00e9ussite<\/strong> de CERI et IPD. Les boursiers qui terminent avec succ\u00e8s le MSc ou le MBA recevront <strong>dipl\u00f4mes<\/strong> de l'Universit\u00e9 de Stellenbosch.<\/p><p style=\"font-weight: bold; margin-top: 15px;\">Q : Que se passe-t-il apr\u00e8s la bourse ?<\/p><p>R : Les boursiers rejoindront le <strong>African STARS Alumni Network<\/strong>, auront acc\u00e8s \u00e0 des opportunit\u00e9s de d\u00e9veloppement de carri\u00e8re et recevront un mentorat et un soutien continus dans leur parcours professionnel. Ils sont encourag\u00e9s \u00e0 contribuer au leadership scientifique et aux efforts de r\u00e9ponse aux \u00e9pid\u00e9mies dans leurs pays d'origine.<\/p><p style=\"font-weight: bold; border-bottom: 2px solid #000000; padding-bottom: 5px; font-size: 16px;\">7. AUTRES QUESTIONS<\/p><p style=\"font-weight: bold; margin-top: 15px;\">Q : Puis-je postuler si je suis actuellement inscrit \u00e0 un programme de doctorat ou de master ?<\/p><p>R : Oui, mais vous devez fournir une preuve de votre capacit\u00e9 \u00e0 suivre la bourse sans interf\u00e9rer avec vos engagements acad\u00e9miques.<\/p><p style=\"font-weight: bold; margin-top: 15px;\">Q : Puis-je postuler si je suis actuellement employ\u00e9 ?<\/p><p>R : Oui, mais il s'agit d'un programme de formation en pr\u00e9sentiel, et les participants devront s'engager pour toute la dur\u00e9e de la formation. Si vous \u00eates employ\u00e9, vous devrez fournir une preuve que votre employeur vous autorise \u00e0 participer \u00e0 la bourse sans que cela n'interf\u00e8re avec vos engagements professionnels.<\/p><p style=\"font-weight: bold; margin-top: 15px;\">Q : Puis-je postuler si j'ai d\u00e9j\u00e0 particip\u00e9 \u00e0 une bourse Genomics Africa ou \u00e0 un programme similaire ?<\/p><p>R : Oui, mais la priorit\u00e9 sera donn\u00e9e aux nouveaux candidats qui remplissent les crit\u00e8res d'\u00e9ligibilit\u00e9.<\/p><p style=\"font-weight: bold; margin-top: 15px;\">Q : Puis-je postuler \u00e0 plusieurs programmes de bourses en m\u00eame temps ?<\/p><p>R : Il est possible de postuler \u00e0 plusieurs bourses en m\u00eame temps. Il incombe au boursier de s'assurer qu'il respecte les conditions de toutes les bourses qu'il re\u00e7oit.<\/p><p style=\"font-weight: bold; margin-top: 15px;\">Q : Puis-je travailler ou \u00e9tudier tout en participant \u00e0 la bourse ?<\/p><p>R : Il peut \u00eatre possible de participer \u00e0 certains types de bourses (par exemple, ATT, YPP, MSc, MBA) tout en \u00e9tudiant ou en travaillant. Cependant, toutes les bourses n\u00e9cessiteront une pr\u00e9sence en personne. Par cons\u00e9quent, il incombe au boursier d'obtenir l'autorisation requise de son universit\u00e9 ou employeur pour s'absenter de ses \u00e9tudes ou de son emploi afin de participer \u00e0 la bourse. Il ne sera pas possible d'\u00e9tudier ou de travailler tout en suivant le programme de MSc, car il s'agit d'un dipl\u00f4me en pr\u00e9sentiel \u00e0 temps plein.<\/p><p style=\"font-weight: bold; margin-top: 15px;\">Q : O\u00f9 vais-je s\u00e9journer pendant la bourse ?<\/p><p>R : Un h\u00e9bergement appropri\u00e9 sera pr\u00e9vu pour toute la dur\u00e9e de la bourse.<\/p><p style=\"font-weight: bold; margin-top: 15px;\">Q : Puis-je emmener ma famille avec moi ?<\/p><p>R : Il est possible d\u2019emmener des membres de votre famille avec vous. Cependant, le boursier sera responsable de tous les frais de voyage, de visa et d'h\u00e9bergement pour sa famille.<\/p><p style=\"font-weight: bold; margin-top: 15px;\">Q : Les personnes en situation de handicap peuvent-elles participer ?<\/p><p>R : Oui. Les candidats devront indiquer s'ils ont un handicap dans leur candidature. Toute information recueillie sur le handicap est uniquement destin\u00e9e \u00e0 des fins de planification afin de nous assurer que nous sommes en mesure d'accommoder les circonstances sp\u00e9cifiques.<\/p><p style=\"font-weight: bold; margin-top: 15px;\">Q : Dois-je retourner dans mon pays d'origine apr\u00e8s la bourse ?<\/p><p>R : Oui. Les candidats ayant un fort engagement \u00e0 rester en Afrique apr\u00e8s leur bourse seront prioritaires.<\/p><p style=\"font-weight: bold; margin-top: 15px;\">Q : Qui dois-je contacter pour toute demande de renseignements suppl\u00e9mentaires ?<\/p><p>R : Pour toute question suppl\u00e9mentaire, veuillez envoyer un e-mail \u00e0 <a href=\"https:\/\/www.linkedin.com\/in\/maambelekhosa\/\">Maambele Khosa<\/a> <a href=\"mailto:starsfellows@sun.ac.za\">starsfellows@sun.ac.za<\/a>.<\/p><p style=\"font-weight: bold; margin-top: 15px;\">Q : Si je postule \u00e0 l'un des quatre programmes et que ma candidature est accept\u00e9e, serai-je toujours \u00e9ligible pour postuler aux autres programmes ? Par exemple, si je suis s\u00e9lectionn\u00e9 pour le programme ATT, serai-je toujours \u00e9ligible pour postuler au MBA ?<\/p><p>R : Oui, vous pouvez toujours postuler aux autres programmes. Cependant, certains programmes se d\u00e9rouleront en m\u00eame temps, et il ne sera pas possible de participer \u00e0 deux programmes simultan\u00e9ment.<\/p>\t\t\t\t\t\t\t\t<\/div>\n\t\t\t\t<\/div>\n\t\t\t\t\t<\/div>\n\t\t\t\t<\/div>\n\t\t\t\t<\/div>","protected":false},"excerpt":{"rendered":"<p>1. GENERAL INFORMATION Q: What is the African STARS Fellowship Programme? A: The African STARS Fellowship Programme is a training initiative led by the Centre for Epidemic Response and Innovation (CERI) at Stellenbosch University and the Institut Pasteur de Dakar (IPD). It aims to build African expertise in genomics, diagnostics, and vaccine design while expanding [&hellip;]<\/p>\n","protected":false},"author":1,"featured_media":0,"parent":0,"menu_order":0,"comment_status":"closed","ping_status":"closed","template":"","meta":{"cybocfi_hide_featured_image":"","footnotes":""},"class_list":["post-1267","page","type-page","status-publish","hentry"],"_links":{"self":[{"href":"https:\/\/www.starsfellows.africa\/fr\/wp-json\/wp\/v2\/pages\/1267","targetHints":{"allow":["GET"]}}],"collection":[{"href":"https:\/\/www.starsfellows.africa\/fr\/wp-json\/wp\/v2\/pages"}],"about":[{"href":"https:\/\/www.starsfellows.africa\/fr\/wp-json\/wp\/v2\/types\/page"}],"author":[{"embeddable":true,"href":"https:\/\/www.starsfellows.africa\/fr\/wp-json\/wp\/v2\/users\/1"}],"replies":[{"embeddable":true,"href":"https:\/\/www.starsfellows.africa\/fr\/wp-json\/wp\/v2\/comments?post=1267"}],"version-history":[{"count":21,"href":"https:\/\/www.starsfellows.africa\/fr\/wp-json\/wp\/v2\/pages\/1267\/revisions"}],"predecessor-version":[{"id":2800,"href":"https:\/\/www.starsfellows.africa\/fr\/wp-json\/wp\/v2\/pages\/1267\/revisions\/2800"}],"wp:attachment":[{"href":"https:\/\/www.starsfellows.africa\/fr\/wp-json\/wp\/v2\/media?parent=1267"}],"curies":[{"name":"wp","href":"https:\/\/api.w.org\/{rel}","templated":true}]}}